{"id":53,"date":"2021-02-03T21:20:15","date_gmt":"2021-02-03T21:20:15","guid":{"rendered":"http:\/\/trabzondergisi.org\/?page_id=53"},"modified":"2025-12-29T20:46:06","modified_gmt":"2025-12-29T20:46:06","slug":"onceki-sayilar","status":"publish","type":"page","link":"https:\/\/trabzondergisi.org\/?page_id=53","title":{"rendered":"\u00d6nceki Say\u0131lar"},"content":{"rendered":"<p>&nbsp;<\/p>\n<hr \/>\n<ul style=\"list-style-type: square;\">\n<li><a href=\"https:\/\/trabzondergisi.org\/?page_id=295\" target=\"_blank\" rel=\"noopener\"><strong>Aral\u0131k 2024 | C\u0130LT 4 SAYI 1<\/strong> | December 2024 | VOL. 4 NO. 1<\/a><\/li>\n<\/ul>\n<hr \/>\n<ul style=\"list-style-type: square;\">\n<li style=\"text-align: justify;\"><a href=\"https:\/\/trabzondergisi.org\/?page_id=265\" target=\"_blank\" rel=\"noopener\"><strong>Aral\u0131k 2023 | C\u0130LT 3 SAYI 1<\/strong> | December 2023 | VOL. 3 NO. 1<\/a><\/li>\n<\/ul>\n<hr \/>\n<ul style=\"list-style-type: square;\">\n<li style=\"text-align: justify;\"><a href=\"https:\/\/trabzondergisi.org\/?page_id=250\" target=\"_blank\" rel=\"noopener\"><strong>Aral\u0131k 2022 | C\u0130LT 2 SAYI 1<\/strong> | December 2022 | VOL. 2 NO. 1<\/a><\/li>\n<\/ul>\n<hr \/>\n<ul style=\"list-style-type: square;\">\n<li style=\"text-align: justify;\"><a href=\"https:\/\/trabzondergisi.org\/?page_id=218\" target=\"_blank\" rel=\"noopener\"><strong>Aral\u0131k 2021 | C\u0130LT 1 SAYI 1<\/strong> | December 2021 | VOL. 1 NO. 1<\/a><\/li>\n<\/ul>\n<hr \/>\n<p style=\"text-align: justify;\">\n","protected":false},"excerpt":{"rendered":"<p>&nbsp; Aral\u0131k 2024 | C\u0130LT 4 SAYI 1 | December 2024 | VOL. 4 NO. 1 Aral\u0131k 2023 | C\u0130LT 3 SAYI 1 | December 2023 | VOL. 3 NO. 1 Aral\u0131k 2022 | C\u0130LT 2 SAYI 1 | December 2022 | VOL. 2 NO. 1 Aral\u0131k 2021 | C\u0130LT 1 SAYI 1 | December [&hellip;]<\/p>\n","protected":false},"author":1,"featured_media":0,"parent":0,"menu_order":0,"comment_status":"closed","ping_status":"closed","template":"","meta":{"footnotes":""},"class_list":["post-53","page","type-page","status-publish","hentry"],"_links":{"self":[{"href":"https:\/\/trabzondergisi.org\/index.php?rest_route=\/wp\/v2\/pages\/53","targetHints":{"allow":["GET"]}}],"collection":[{"href":"https:\/\/trabzondergisi.org\/index.php?rest_route=\/wp\/v2\/pages"}],"about":[{"href":"https:\/\/trabzondergisi.org\/index.php?rest_route=\/wp\/v2\/types\/page"}],"author":[{"embeddable":true,"href":"https:\/\/trabzondergisi.org\/index.php?rest_route=\/wp\/v2\/users\/1"}],"replies":[{"embeddable":true,"href":"https:\/\/trabzondergisi.org\/index.php?rest_route=%2Fwp%2Fv2%2Fcomments&post=53"}],"version-history":[{"count":10,"href":"https:\/\/trabzondergisi.org\/index.php?rest_route=\/wp\/v2\/pages\/53\/revisions"}],"predecessor-version":[{"id":313,"href":"https:\/\/trabzondergisi.org\/index.php?rest_route=\/wp\/v2\/pages\/53\/revisions\/313"}],"wp:attachment":[{"href":"https:\/\/trabzondergisi.org\/index.php?rest_route=%2Fwp%2Fv2%2Fmedia&parent=53"}],"curies":[{"name":"wp","href":"https:\/\/api.w.org\/{rel}","templated":true}]}}