{"id":51,"date":"2021-02-03T21:20:03","date_gmt":"2021-02-03T21:20:03","guid":{"rendered":"http:\/\/trabzondergisi.org\/?page_id=51"},"modified":"2026-01-01T15:52:35","modified_gmt":"2026-01-01T15:52:35","slug":"son-sayi","status":"publish","type":"page","link":"https:\/\/trabzondergisi.org\/","title":{"rendered":"Son Say\u0131"},"content":{"rendered":"<div class=\"_3d-flip-book  fb3d-fullscreen-mode full-size\" data-id=\"311\" data-mode=\"fullscreen\" data-title=\"false\" data-template=\"short-white-book-view\" data-lightbox=\"dark-shadow\" data-urlparam=\"fb3d-page\" data-page-n=\"0\" data-pdf=\"\" data-tax=\"null\" data-thumbnail=\"\" data-cols=\"3\" data-book-template=\"default\" data-trigger=\"\"><\/div><script type=\"text\/javascript\">window.FB3D_CLIENT_DATA = window.FB3D_CLIENT_DATA || [];FB3D_CLIENT_DATA.push('eyJwb3N0cyI6eyIzMTEiOnsiSUQiOjMxMSwidGl0bGUiOiJBcmFsXHUwMTMxayAyMDI1IHwgQ1x1MDEzMExUIDUgU0FZSSAxIHwgRGVjZW1iZXIgMjAyNSB8IFZPTC4gNSBOTy4gMSIsInR5cGUiOiJwZGYiLCJyZWFkeV9mdW5jdGlvbiI6IiIsImJvb2tfc3R5bGUiOiJmbGF0IiwiYm9va190ZW1wbGF0ZSI6Im5vbmUiLCJvdXRsaW5lIjpbXSwiZGF0YSI6eyJwb3N0X0lEIjoiLTEiLCJndWlkIjoiaHR0cDpcL1wvdHJhYnpvbmRlcmdpc2kub3JnXC93cC1jb250ZW50XC91cGxvYWRzXC8yMDI2XC8wMVwvVENELVZvbC01LU5vLTEucGRmIiwicGRmX3BhZ2VzIjoiNjUiLCJwYWdlc19jdXN0b21pemF0aW9uIjoibm9uZSJ9LCJ0aHVtYm5haWwiOnsiZGF0YSI6eyJwb3N0X0lEIjoiMCJ9LCJ0eXBlIjoiYXV0byJ9LCJwcm9wcyI6eyJiYWNrZ3JvdW5kQ29sb3IiOiJhdXRvIiwiYmFja2dyb3VuZEltYWdlIjoiYXV0byIsImJhY2tncm91bmRTdHlsZSI6ImF1dG8iLCJoaWdobGlnaHRMaW5rcyI6ImF1dG8iLCJsaWdodGluZyI6ImF1dG8iLCJzaW5nbGVQYWdlTW9kZSI6ImF1dG8iLCJjYWNoZWRQYWdlcyI6ImF1dG8iLCJyZW5kZXJJbmFjdGl2ZVBhZ2VzIjoiYXV0byIsInJlbmRlckluYWN0aXZlUGFnZXNPbk1vYmlsZSI6ImF1dG8iLCJyZW5kZXJXaGlsZUZsaXBwaW5nIjoiYXV0byIsInByZWxvYWRQYWdlcyI6ImF1dG8iLCJhdXRvUGxheUR1cmF0aW9uIjoiYXV0byIsInJ0bCI6ImF1dG8iLCJpbnRlcmFjdGl2ZUNvcm5lcnMiOiJhdXRvIiwibWF4RGVwdGgiOiJhdXRvIiwic2hlZXQiOnsic3RhcnRWZWxvY2l0eSI6ImF1dG8iLCJ3YXZlIjoiYXV0byIsInNoYXBlIjoiYXV0byIsIndpZHRoVGV4ZWxzIjoiYXV0byIsImNvbG9yIjoiYXV0byIsInNpZGUiOiJhdXRvIiwic3RyZXRjaEltYWdlcyI6ImF1dG8iLCJjb3JuZXJEZXZpYXRpb24iOiJhdXRvIiwiZmxleGliaWxpdHkiOiJhdXRvIiwiZmxleGlibGVDb3JuZXIiOiJhdXRvIiwiYmVuZGluZyI6ImF1dG8iLCJoZWlnaHRUZXhlbHMiOiJhdXRvIn0sImNvdmVyIjp7IndhdmUiOiJhdXRvIiwiY29sb3IiOiJhdXRvIiwic2lkZSI6ImF1dG8iLCJzdHJldGNoSW1hZ2VzIjoiYXV0byIsImJpbmRlclRleHR1cmUiOiJhdXRvIiwiZGVwdGgiOiJhdXRvIiwicGFkZGluZyI6ImF1dG8iLCJzdGFydFZlbG9jaXR5IjoiYXV0byIsImZsZXhpYmlsaXR5IjoiYXV0byIsImZsZXhpYmxlQ29ybmVyIjoiYXV0byIsImJlbmRpbmciOiJhdXRvIiwid2lkdGhUZXhlbHMiOiJhdXRvIiwiaGVpZ2h0VGV4ZWxzIjoiYXV0byIsIm1hc3MiOiJhdXRvIiwic2hhcGUiOiJhdXRvIn0sInBhZ2UiOnsid2F2ZSI6ImF1dG8iLCJjb2xvciI6ImF1dG8iLCJzaWRlIjoiYXV0byIsInN0cmV0Y2hJbWFnZXMiOiJhdXRvIiwiZGVwdGgiOiJhdXRvIiwic3RhcnRWZWxvY2l0eSI6ImF1dG8iLCJmbGV4aWJpbGl0eSI6ImF1dG8iLCJmbGV4aWJsZUNvcm5lciI6ImF1dG8iLCJiZW5kaW5nIjoiYXV0byIsIndpZHRoVGV4ZWxzIjoiYXV0byIsImhlaWdodFRleGVscyI6ImF1dG8iLCJtYXNzIjoiYXV0byIsInNoYXBlIjoiYXV0byJ9LCJoZWlnaHQiOiJhdXRvIiwid2lkdGgiOiJhdXRvIiwiZ3Jhdml0eSI6ImF1dG8iLCJwYWdlc0ZvclByZWRpY3RpbmciOiJhdXRvIn0sImNvbnRyb2xQcm9wcyI6eyJhY3Rpb25zIjp7ImNtZFRvYyI6eyJlbmFibGVkIjoiYXV0byIsImVuYWJsZWRJbk5hcnJvdyI6ImF1dG8iLCJhY3RpdmUiOiJhdXRvIiwiZGVmYXVsdFRhYiI6ImF1dG8ifSwiY21kQXV0b1BsYXkiOnsiZW5hYmxlZCI6ImF1dG8iLCJlbmFibGVkSW5OYXJyb3ciOiJhdXRvIiwiYWN0aXZlIjoiYXV0byJ9LCJjbWRTYXZlIjp7ImVuYWJsZWQiOiJhdXRvIiwiZW5hYmxlZEluTmFycm93IjoiYXV0byJ9LCJjbWRQcmludCI6eyJlbmFibGVkIjoiYXV0byIsImVuYWJsZWRJbk5hcnJvdyI6ImF1dG8ifSwiY21kU2luZ2xlUGFnZSI6eyJlbmFibGVkIjoiYXV0byIsImVuYWJsZWRJbk5hcnJvdyI6ImF1dG8iLCJhY3RpdmUiOiJhdXRvIiwiYWN0aXZlRm9yTW9iaWxlIjoiYXV0byJ9LCJ3aWRUb29sYmFyIjp7ImVuYWJsZWQiOiJhdXRvIiwiZW5hYmxlZEluTmFycm93IjoiYXV0byJ9fX0sImF1dG9UaHVtYm5haWwiOiJodHRwOlwvXC90cmFiem9uZGVyZ2lzaS5vcmdcL3dwLWNvbnRlbnRcL3VwbG9hZHNcLzNkLWZsaXAtYm9va1wvYXV0by10aHVtYm5haWxzXC8zMTEucG5nIiwicG9zdF9uYW1lIjoiYXJhbGlrLTIwMjUtY2lsdC01LXNheWktMS1kZWNlbWJlci0yMDI1LXZvbC01LW5vLTEiLCJwb3N0X3R5cGUiOiIzZC1mbGlwLWJvb2sifX0sInBhZ2VzIjpbXSwiZmlyc3RQYWdlcyI6W119');window.FB3D_CLIENT_LOCALE && FB3D_CLIENT_LOCALE.render && FB3D_CLIENT_LOCALE.render();<\/script>\n<hr \/>\n<h4 style=\"text-align: center;\"><a href=\"http:\/\/trabzondergisi.org\/wp-content\/uploads\/2026\/01\/TCD-Vol-5-No-1.pdf\" target=\"_blank\" rel=\"noopener\"><strong>TRABZON \u00c7ALI\u015eMALARI DERG\u0130S\u0130 | <\/strong><em>JOURNAL of TRABZON STUDIES<\/em><\/a><\/h4>\n<p style=\"text-align: center;\">Aral\u0131k 2025 | C\u0130LT 5 SAYI 1 | December 2025 | VOL. 5 NO. 1<\/p>\n<table width=\"100%\">\n<tbody>\n<tr>\n<td width=\"7%\"><strong>6-14<\/strong><\/td>\n<td width=\"22%\"><strong>Ara\u015ft\u0131rma Makalesi<\/strong><\/p>\n<p>Research Article<\/td>\n<td width=\"70%\"><a href=\"http:\/\/trabzondergisi.org\/wp-content\/uploads\/2025\/12\/TCD-Vol-5-No-1-A-1.pdf\" target=\"_blank\" rel=\"noopener\"><strong>Trabzon \u0130li D\u00fczk\u00f6y ve Ortahisar \u0130l\u00e7elerinde Ya\u015fayan Ortaokul \u00d6\u011frencilerinin Motor Becerilerinin Kar\u015f\u0131la\u015ft\u0131r\u0131lmas\u0131<\/strong><\/a><br \/>\n<em>Comparison of Motor Skills of Middle School Students Living in the D\u00fczkoy and Ortahisar Districts of Trabzon Province<\/em><\/p>\n<p><strong>Abd\u00fclhamit Aky\u0131ld\u0131z &amp; Tamer Civil<\/strong><\/td>\n<\/tr>\n<tr>\n<td width=\"7%\"><strong>15-33<\/strong><\/td>\n<td width=\"22%\"><strong>Ara\u015ft\u0131rma Makalesi<\/strong><\/p>\n<p>Research Article<\/td>\n<td width=\"70%\"><a href=\"http:\/\/trabzondergisi.org\/wp-content\/uploads\/2026\/01\/TCD-Vol-5-No-1-A-2.pdf\" target=\"_blank\" rel=\"noopener\"><strong>Uzung\u00f6l\u2019de Turizm ve S\u00fcrd\u00fcrebilirlik \u00c7al\u0131\u015fmalar\u0131<\/strong><\/a><br \/>\n<em>Tourism and Sustainability Efforts in Uzung\u00f6l<\/em><\/p>\n<p><strong>Faruk Ero\u011flu<\/strong><\/td>\n<\/tr>\n<tr>\n<td><strong>34-53<\/strong><\/td>\n<td><strong>Ara\u015ft\u0131rma Makalesi<\/strong><\/p>\n<p>Research Article<\/td>\n<td><strong><a href=\"http:\/\/trabzondergisi.org\/wp-content\/uploads\/2025\/12\/TCD-Vol-5-No-1-A-3.pdf\" target=\"_blank\" rel=\"noopener\">B\u00fcy\u00fck\u015fehir Belediyelerinde Gen\u00e7lik ve Spor Hizmetleri: Trabzon B\u00fcy\u00fck\u015fehir Belediyesi \u00d6rne\u011fi<\/a><br \/>\n<\/strong><em>Youth and Sports Services in Metropolitan Municipalities: The Case of <\/em><em>Trabzon Metropolitan Municipality<\/em><\/p>\n<p><strong>Seda Enez &amp; Emrah Firidin<\/strong><\/td>\n<\/tr>\n<tr>\n<td width=\"7%\"><strong>54-56<\/strong><\/td>\n<td width=\"22%\"><strong>Kitap \u0130ncelemesi<\/strong><\/p>\n<p>Book Review<\/td>\n<td width=\"70%\"><a href=\"http:\/\/trabzondergisi.org\/wp-content\/uploads\/2025\/12\/TCD-Vol-5-No-1-KI.pdf\" target=\"_blank\" rel=\"noopener\"><strong>Trabzon Tarihi<\/strong><\/a> &#8211; Hikmet \u00d6ks\u00fcz<\/p>\n<p><strong>Muhammed L\u00fctf\u00fc Osmano\u011flu<\/strong><\/td>\n<\/tr>\n<tr>\n<td width=\"7%\"><strong>57-63<\/strong><\/td>\n<td width=\"22%\"><strong>Bibliyografya<\/strong><\/p>\n<p>Bibliography<\/td>\n<td width=\"70%\"><a href=\"http:\/\/trabzondergisi.org\/wp-content\/uploads\/2025\/12\/TCD-Vol-5-No-1-BI.pdf\" target=\"_blank\" rel=\"noopener\"><strong>2025 y\u0131l\u0131nda Trabzon \u00dczerine Yaz\u0131lm\u0131\u015f Kitap, Makale ve Tezler<\/strong><\/a><\/td>\n<\/tr>\n<\/tbody>\n<\/table>\n","protected":false},"excerpt":{"rendered":"<p>TRABZON \u00c7ALI\u015eMALARI DERG\u0130S\u0130 | JOURNAL of TRABZON STUDIES Aral\u0131k 2025 | C\u0130LT 5 SAYI 1 | December 2025 | VOL. 5 NO. 1 6-14 Ara\u015ft\u0131rma Makalesi Research Article Trabzon \u0130li D\u00fczk\u00f6y ve Ortahisar \u0130l\u00e7elerinde Ya\u015fayan Ortaokul \u00d6\u011frencilerinin Motor Becerilerinin Kar\u015f\u0131la\u015ft\u0131r\u0131lmas\u0131 Comparison of Motor Skills of Middle School Students Living in the D\u00fczkoy and Ortahisar Districts [&hellip;]<\/p>\n","protected":false},"author":1,"featured_media":0,"parent":0,"menu_order":0,"comment_status":"closed","ping_status":"closed","template":"","meta":{"footnotes":""},"class_list":["post-51","page","type-page","status-publish","hentry"],"_links":{"self":[{"href":"https:\/\/trabzondergisi.org\/index.php?rest_route=\/wp\/v2\/pages\/51","targetHints":{"allow":["GET"]}}],"collection":[{"href":"https:\/\/trabzondergisi.org\/index.php?rest_route=\/wp\/v2\/pages"}],"about":[{"href":"https:\/\/trabzondergisi.org\/index.php?rest_route=\/wp\/v2\/types\/page"}],"author":[{"embeddable":true,"href":"https:\/\/trabzondergisi.org\/index.php?rest_route=\/wp\/v2\/users\/1"}],"replies":[{"embeddable":true,"href":"https:\/\/trabzondergisi.org\/index.php?rest_route=%2Fwp%2Fv2%2Fcomments&post=51"}],"version-history":[{"count":43,"href":"https:\/\/trabzondergisi.org\/index.php?rest_route=\/wp\/v2\/pages\/51\/revisions"}],"predecessor-version":[{"id":317,"href":"https:\/\/trabzondergisi.org\/index.php?rest_route=\/wp\/v2\/pages\/51\/revisions\/317"}],"wp:attachment":[{"href":"https:\/\/trabzondergisi.org\/index.php?rest_route=%2Fwp%2Fv2%2Fmedia&parent=51"}],"curies":[{"name":"wp","href":"https:\/\/api.w.org\/{rel}","templated":true}]}}