{"id":46,"date":"2021-02-03T21:18:45","date_gmt":"2021-02-03T21:18:45","guid":{"rendered":"http:\/\/trabzondergisi.org\/?page_id=46"},"modified":"2021-02-06T19:04:59","modified_gmt":"2021-02-06T19:04:59","slug":"telif-hakki-bildirimi","status":"publish","type":"page","link":"https:\/\/trabzondergisi.org\/?page_id=46","title":{"rendered":"Telif Hakk\u0131 Bildirimi"},"content":{"rendered":"<p><a href=\"http:\/\/trabzondergisi.org\/wp-content\/uploads\/2021\/02\/Trabzon-Dergisi-Fikri-Hak-Devir-Beyani.pdf\" target=\"_blank\" rel=\"noopener\">\u201cFikri Hak Devir Beyan\u0131\u201dn\u0131 indirmek i\u00e7in buraya t\u0131klayabilirsiniz&#8230;<\/a><\/p>\n<a href=\"https:\/\/trabzondergisi.org\/wp-content\/uploads\/2021\/02\/Trabzon-Dergisi-Fikri-Hak-Devir-Beyani.pdf\" class=\"pdfemb-viewer\" style=\"\" data-width=\"max\" data-height=\"max\" data-toolbar=\"bottom\" data-toolbar-fixed=\"off\">Trabzon Dergisi Fikri Hak Devir Beyan\u0131<\/a>\n","protected":false},"excerpt":{"rendered":"<p>\u201cFikri Hak Devir Beyan\u0131\u201dn\u0131 indirmek i\u00e7in buraya t\u0131klayabilirsiniz&#8230;<\/p>\n","protected":false},"author":1,"featured_media":0,"parent":0,"menu_order":0,"comment_status":"closed","ping_status":"closed","template":"","meta":{"footnotes":""},"class_list":["post-46","page","type-page","status-publish","hentry"],"_links":{"self":[{"href":"https:\/\/trabzondergisi.org\/index.php?rest_route=\/wp\/v2\/pages\/46","targetHints":{"allow":["GET"]}}],"collection":[{"href":"https:\/\/trabzondergisi.org\/index.php?rest_route=\/wp\/v2\/pages"}],"about":[{"href":"https:\/\/trabzondergisi.org\/index.php?rest_route=\/wp\/v2\/types\/page"}],"author":[{"embeddable":true,"href":"https:\/\/trabzondergisi.org\/index.php?rest_route=\/wp\/v2\/users\/1"}],"replies":[{"embeddable":true,"href":"https:\/\/trabzondergisi.org\/index.php?rest_route=%2Fwp%2Fv2%2Fcomments&post=46"}],"version-history":[{"count":7,"href":"https:\/\/trabzondergisi.org\/index.php?rest_route=\/wp\/v2\/pages\/46\/revisions"}],"predecessor-version":[{"id":96,"href":"https:\/\/trabzondergisi.org\/index.php?rest_route=\/wp\/v2\/pages\/46\/revisions\/96"}],"wp:attachment":[{"href":"https:\/\/trabzondergisi.org\/index.php?rest_route=%2Fwp%2Fv2%2Fmedia&parent=46"}],"curies":[{"name":"wp","href":"https:\/\/api.w.org\/{rel}","templated":true}]}}