{"id":44,"date":"2021-02-03T21:18:25","date_gmt":"2021-02-03T21:18:25","guid":{"rendered":"http:\/\/trabzondergisi.org\/?page_id=44"},"modified":"2022-10-04T20:17:15","modified_gmt":"2022-10-04T20:17:15","slug":"makale-sablonu","status":"publish","type":"page","link":"https:\/\/trabzondergisi.org\/?page_id=44","title":{"rendered":"Makale \u015eablonu"},"content":{"rendered":"<hr \/>\n<p><a href=\"http:\/\/trabzondergisi.org\/wp-content\/uploads\/2021\/02\/Trabzon-Dergisi-Sablon.docx\" target=\"_blank\" rel=\"noopener\">Makale \u015eablonunu indirmek i\u00e7in buraya t\u0131klayabilirsiniz&#8230;<\/a><\/p>\n<hr \/>\n<p><span style=\"color: #999999;\">* \u015eablon dosyas\u0131n\u0131 indirmek i\u00e7in linkin \u00fczerine sa\u011f t\u0131klay\u0131p &#8220;Ba\u011flant\u0131y\u0131 farkl\u0131 kaydet&#8221; butonuna bas\u0131n\u0131z&#8230;<\/span><\/p>\n","protected":false},"excerpt":{"rendered":"<p>Makale \u015eablonunu indirmek i\u00e7in buraya t\u0131klayabilirsiniz&#8230; * \u015eablon dosyas\u0131n\u0131 indirmek i\u00e7in linkin \u00fczerine sa\u011f t\u0131klay\u0131p &#8220;Ba\u011flant\u0131y\u0131 farkl\u0131 kaydet&#8221; butonuna bas\u0131n\u0131z&#8230;<\/p>\n","protected":false},"author":1,"featured_media":0,"parent":0,"menu_order":0,"comment_status":"closed","ping_status":"closed","template":"","meta":{"footnotes":""},"class_list":["post-44","page","type-page","status-publish","hentry"],"_links":{"self":[{"href":"https:\/\/trabzondergisi.org\/index.php?rest_route=\/wp\/v2\/pages\/44","targetHints":{"allow":["GET"]}}],"collection":[{"href":"https:\/\/trabzondergisi.org\/index.php?rest_route=\/wp\/v2\/pages"}],"about":[{"href":"https:\/\/trabzondergisi.org\/index.php?rest_route=\/wp\/v2\/types\/page"}],"author":[{"embeddable":true,"href":"https:\/\/trabzondergisi.org\/index.php?rest_route=\/wp\/v2\/users\/1"}],"replies":[{"embeddable":true,"href":"https:\/\/trabzondergisi.org\/index.php?rest_route=%2Fwp%2Fv2%2Fcomments&post=44"}],"version-history":[{"count":14,"href":"https:\/\/trabzondergisi.org\/index.php?rest_route=\/wp\/v2\/pages\/44\/revisions"}],"predecessor-version":[{"id":203,"href":"https:\/\/trabzondergisi.org\/index.php?rest_route=\/wp\/v2\/pages\/44\/revisions\/203"}],"wp:attachment":[{"href":"https:\/\/trabzondergisi.org\/index.php?rest_route=%2Fwp%2Fv2%2Fmedia&parent=44"}],"curies":[{"name":"wp","href":"https:\/\/api.w.org\/{rel}","templated":true}]}}