{"id":42,"date":"2021-02-03T21:18:12","date_gmt":"2021-02-03T21:18:12","guid":{"rendered":"http:\/\/trabzondergisi.org\/?page_id=42"},"modified":"2022-10-04T20:07:30","modified_gmt":"2022-10-04T20:07:30","slug":"amac-ve-kapsam","status":"publish","type":"page","link":"https:\/\/trabzondergisi.org\/?page_id=42","title":{"rendered":"Ama\u00e7 ve Kapsam"},"content":{"rendered":"<hr \/>\n<p style=\"text-align: justify;\"><span style=\"color: #ff0000;\"><em><strong>Trabzon \u00c7al\u0131\u015fmalar\u0131 Dergisi<\/strong><\/em><\/span>, Trabzon kentine dair farkl\u0131 disiplinlerin kendi yakla\u015f\u0131mlar\u0131 \u00e7er\u00e7evesinde ortaya koyaca\u011f\u0131 ara\u015ft\u0131rma makaleleri \u00e7er\u00e7evesinde kente dair bir platform olu\u015fturmay\u0131 ve bunu kamuoyu ile payla\u015fmay\u0131 ama\u00e7lamaktad\u0131r.<\/p>\n<p style=\"text-align: justify;\">Dergi, Trabzon kentine dair t\u00fcm disiplinlerin ger\u00e7ekle\u015ftirece\u011fi yeni veriler ortaya koyan, mevcut veriler do\u011frultusunda kent sorunlar\u0131n\u0131 tart\u0131\u015fan t\u00fcm ara\u015ft\u0131rma makalelerinin yan\u0131 s\u0131ra teorik ve kavramsal ba\u011flamda kentin farkl\u0131 unsurlar\u0131n\u0131 tart\u0131\u015fan makalelere de a\u00e7\u0131kt\u0131r.<\/p>\n<hr \/>\n<p style=\"text-align: justify;\">\n","protected":false},"excerpt":{"rendered":"<p>Trabzon \u00c7al\u0131\u015fmalar\u0131 Dergisi, Trabzon kentine dair farkl\u0131 disiplinlerin kendi yakla\u015f\u0131mlar\u0131 \u00e7er\u00e7evesinde ortaya koyaca\u011f\u0131 ara\u015ft\u0131rma makaleleri \u00e7er\u00e7evesinde kente dair bir platform olu\u015fturmay\u0131 ve bunu kamuoyu ile payla\u015fmay\u0131 ama\u00e7lamaktad\u0131r. Dergi, Trabzon kentine dair t\u00fcm disiplinlerin ger\u00e7ekle\u015ftirece\u011fi yeni veriler ortaya koyan, mevcut veriler do\u011frultusunda kent sorunlar\u0131n\u0131 tart\u0131\u015fan t\u00fcm ara\u015ft\u0131rma makalelerinin yan\u0131 s\u0131ra teorik ve kavramsal ba\u011flamda kentin farkl\u0131 [&hellip;]<\/p>\n","protected":false},"author":1,"featured_media":0,"parent":0,"menu_order":0,"comment_status":"closed","ping_status":"closed","template":"","meta":{"footnotes":""},"class_list":["post-42","page","type-page","status-publish","hentry"],"_links":{"self":[{"href":"https:\/\/trabzondergisi.org\/index.php?rest_route=\/wp\/v2\/pages\/42","targetHints":{"allow":["GET"]}}],"collection":[{"href":"https:\/\/trabzondergisi.org\/index.php?rest_route=\/wp\/v2\/pages"}],"about":[{"href":"https:\/\/trabzondergisi.org\/index.php?rest_route=\/wp\/v2\/types\/page"}],"author":[{"embeddable":true,"href":"https:\/\/trabzondergisi.org\/index.php?rest_route=\/wp\/v2\/users\/1"}],"replies":[{"embeddable":true,"href":"https:\/\/trabzondergisi.org\/index.php?rest_route=%2Fwp%2Fv2%2Fcomments&post=42"}],"version-history":[{"count":5,"href":"https:\/\/trabzondergisi.org\/index.php?rest_route=\/wp\/v2\/pages\/42\/revisions"}],"predecessor-version":[{"id":198,"href":"https:\/\/trabzondergisi.org\/index.php?rest_route=\/wp\/v2\/pages\/42\/revisions\/198"}],"wp:attachment":[{"href":"https:\/\/trabzondergisi.org\/index.php?rest_route=%2Fwp%2Fv2%2Fmedia&parent=42"}],"curies":[{"name":"wp","href":"https:\/\/api.w.org\/{rel}","templated":true}]}}