{"id":39,"date":"2021-02-03T21:15:03","date_gmt":"2021-02-03T21:15:03","guid":{"rendered":"http:\/\/trabzondergisi.org\/?page_id=39"},"modified":"2025-05-16T10:14:24","modified_gmt":"2025-05-16T10:14:24","slug":"iletisim","status":"publish","type":"page","link":"https:\/\/trabzondergisi.org\/?page_id=39","title":{"rendered":"\u0130leti\u015fim"},"content":{"rendered":"<hr \/>\n<p><span style=\"color: #000000;\">Bize a\u015fa\u011f\u0131daki email adresi \u00fczerinden ula\u015fabilirsiniz:<\/span><\/p>\n<p><span style=\"color: #000000;\">trabzondergisi@cesran.org<\/span><\/p>\n<hr \/>\n<p>&nbsp;<\/p>\n","protected":false},"excerpt":{"rendered":"<p>Bize a\u015fa\u011f\u0131daki email adresi \u00fczerinden ula\u015fabilirsiniz: trabzondergisi@cesran.org &nbsp;<\/p>\n","protected":false},"author":1,"featured_media":0,"parent":0,"menu_order":0,"comment_status":"closed","ping_status":"closed","template":"","meta":{"footnotes":""},"class_list":["post-39","page","type-page","status-publish","hentry"],"_links":{"self":[{"href":"https:\/\/trabzondergisi.org\/index.php?rest_route=\/wp\/v2\/pages\/39","targetHints":{"allow":["GET"]}}],"collection":[{"href":"https:\/\/trabzondergisi.org\/index.php?rest_route=\/wp\/v2\/pages"}],"about":[{"href":"https:\/\/trabzondergisi.org\/index.php?rest_route=\/wp\/v2\/types\/page"}],"author":[{"embeddable":true,"href":"https:\/\/trabzondergisi.org\/index.php?rest_route=\/wp\/v2\/users\/1"}],"replies":[{"embeddable":true,"href":"https:\/\/trabzondergisi.org\/index.php?rest_route=%2Fwp%2Fv2%2Fcomments&post=39"}],"version-history":[{"count":4,"href":"https:\/\/trabzondergisi.org\/index.php?rest_route=\/wp\/v2\/pages\/39\/revisions"}],"predecessor-version":[{"id":283,"href":"https:\/\/trabzondergisi.org\/index.php?rest_route=\/wp\/v2\/pages\/39\/revisions\/283"}],"wp:attachment":[{"href":"https:\/\/trabzondergisi.org\/index.php?rest_route=%2Fwp%2Fv2%2Fmedia&parent=39"}],"curies":[{"name":"wp","href":"https:\/\/api.w.org\/{rel}","templated":true}]}}