{"id":34,"date":"2021-02-03T21:11:34","date_gmt":"2021-02-03T21:11:34","guid":{"rendered":"http:\/\/trabzondergisi.org\/?page_id=34"},"modified":"2024-11-05T18:35:39","modified_gmt":"2024-11-05T18:35:39","slug":"makale-cagrisi","status":"publish","type":"page","link":"https:\/\/trabzondergisi.org\/?page_id=34","title":{"rendered":"Makale \u00c7a\u011fr\u0131s\u0131"},"content":{"rendered":"<hr \/>\r\n<p style=\"font-weight: 400; text-align: justify;\"><span style=\"color: #ff0000;\"><b><strong><em>Trabzon \u00c7al\u0131\u015fmalar\u0131 Dergisi<\/em><\/strong><\/b><\/span>, elektronik bas\u0131l\u0131 bir dergidir.<\/p>\r\n<p style=\"font-weight: 400; text-align: justify;\">Dergi, 2021 itibari ile yay\u0131n hayat\u0131na ba\u015flam\u0131\u015ft\u0131r.<\/p>\r\n<p style=\"font-weight: 400; text-align: justify;\">Dergide, <span style=\"color: #ff0000;\">Trabzon<\/span> \u00fczerine sosyal, be\u015feri, idari bilimler, \u015fehir b\u00f6lge planlama, peyzaj ve mimarl\u0131k alanlar\u0131 ile ilgili teorik, ampirik ve normatif konularda yaz\u0131lan makalelere yer verilmektedir.<\/p>\r\n<p style=\"font-weight: 400; text-align: justify;\">Ayr\u0131ca dergide kitap incelemeleri i\u00e7in ayr\u0131lm\u0131\u015f bir b\u00f6l\u00fcm de yer almaktad\u0131r.<\/p>\r\n<p style=\"font-weight: 400; text-align: justify;\">Derginin yay\u0131n dilleri T\u00fcrk\u00e7e ve \u0130ngilizce\u2019dir.<\/p>\r\n<p style=\"font-weight: 400; text-align: justify;\">Bu kapsamda literat\u00fcre ve bilim d\u00fcnyas\u0131na katk\u0131 sa\u011flayacak \u00f6zg\u00fcn \u00e7al\u0131\u015fmalar\u0131n\u0131z\u0131 dergimizde yay\u0131nlamak \u00fczere bekliyoruz.<\/p>\r\n<p style=\"font-weight: 400; text-align: justify;\">\u0130lginize ve deste\u011finize te\u015fekk\u00fcr ederiz.<\/p>\r\n<hr \/>\r\n<p style=\"font-weight: 400; text-align: justify;\">\u00a0<\/p>\r\n<p style=\"font-weight: 400; text-align: justify;\">\u00a0<\/p>\r\n","protected":false},"excerpt":{"rendered":"<p>Trabzon \u00c7al\u0131\u015fmalar\u0131 Dergisi, elektronik bas\u0131l\u0131 bir dergidir. Dergi, 2021 itibari ile yay\u0131n hayat\u0131na ba\u015flam\u0131\u015ft\u0131r. Dergide, Trabzon \u00fczerine sosyal, be\u015feri, idari bilimler, \u015fehir b\u00f6lge planlama, peyzaj ve mimarl\u0131k alanlar\u0131 ile ilgili teorik, ampirik ve normatif konularda yaz\u0131lan makalelere yer verilmektedir. Ayr\u0131ca dergide kitap incelemeleri i\u00e7in ayr\u0131lm\u0131\u015f bir b\u00f6l\u00fcm de yer almaktad\u0131r. Derginin yay\u0131n dilleri T\u00fcrk\u00e7e ve [&hellip;]<\/p>\n","protected":false},"author":1,"featured_media":0,"parent":0,"menu_order":0,"comment_status":"closed","ping_status":"closed","template":"","meta":{"footnotes":""},"class_list":["post-34","page","type-page","status-publish","hentry"],"_links":{"self":[{"href":"https:\/\/trabzondergisi.org\/index.php?rest_route=\/wp\/v2\/pages\/34","targetHints":{"allow":["GET"]}}],"collection":[{"href":"https:\/\/trabzondergisi.org\/index.php?rest_route=\/wp\/v2\/pages"}],"about":[{"href":"https:\/\/trabzondergisi.org\/index.php?rest_route=\/wp\/v2\/types\/page"}],"author":[{"embeddable":true,"href":"https:\/\/trabzondergisi.org\/index.php?rest_route=\/wp\/v2\/users\/1"}],"replies":[{"embeddable":true,"href":"https:\/\/trabzondergisi.org\/index.php?rest_route=%2Fwp%2Fv2%2Fcomments&post=34"}],"version-history":[{"count":11,"href":"https:\/\/trabzondergisi.org\/index.php?rest_route=\/wp\/v2\/pages\/34\/revisions"}],"predecessor-version":[{"id":247,"href":"https:\/\/trabzondergisi.org\/index.php?rest_route=\/wp\/v2\/pages\/34\/revisions\/247"}],"wp:attachment":[{"href":"https:\/\/trabzondergisi.org\/index.php?rest_route=%2Fwp%2Fv2%2Fmedia&parent=34"}],"curies":[{"name":"wp","href":"https:\/\/api.w.org\/{rel}","templated":true}]}}