{"id":32,"date":"2021-02-03T21:11:14","date_gmt":"2021-02-03T21:11:14","guid":{"rendered":"http:\/\/trabzondergisi.org\/?page_id=32"},"modified":"2021-02-12T13:10:48","modified_gmt":"2021-02-12T13:10:48","slug":"yazim-ve-dipnot-kurallari","status":"publish","type":"page","link":"https:\/\/trabzondergisi.org\/?page_id=32","title":{"rendered":"Yaz\u0131m ve Dipnot Kurallar\u0131"},"content":{"rendered":"<h3><span style=\"color: #000000;\"><strong> Genel Yaz\u0131m Kurallar\u0131<\/strong><\/span><\/h3>\n<ol>\n<li><span style=\"color: #000000;\">Dergide yay\u0131mlanmak \u00fczere g\u00f6nderilecek \u00e7al\u0131\u015fmalar\u0131n, \u015fablona uygun haldeki metinlerinin her \u015fey dahil olmak \u00fczere en az 6000 en fazla 8000 kelime olmas\u0131 gerekmektedir. Makalelerin bu limitleri belirli bir \u00f6l\u00e7\u00fcde a\u015fmas\u0131 durumunda, de\u011ferlendirme s\u00fcrecinin ba\u015flat\u0131lmas\u0131na dergi edit\u00f6rl\u00fc\u011f\u00fc karar verecektir.<\/span><\/li>\n<li><span style=\"color: #000000;\">Yaz\u0131lar\u0131n bilgisayarla, Windows Word 2010 veya daha \u00fcst bir versiyonunda yaz\u0131lmas\u0131 arzu edilmektedir.<\/span><\/li>\n<li><span style=\"color: #000000;\">Makale metninin a\u015fa\u011f\u0131daki kurallara g\u00f6re d\u00fczenlenmesi gerekmektedir:<\/span><\/li>\n<\/ol>\n<p style=\"padding-left: 40px;\"><span style=\"color: #000000;\"><strong>a) Font, Boyut, Program:<\/strong> G\u00f6nderilen \u00e7al\u0131\u015fmalar, A4 boyutlu ka\u011f\u0131t format\u0131nda, 11 punto \u201cCalibri (G\u00f6vde)\u201d yaz\u0131 karakteriyle ve 1,00 cm sat\u0131r aral\u0131\u011f\u0131 ile iki yana yasl\u0131 olarak yaz\u0131lmal\u0131d\u0131r. Her bir paragraf ba\u015f\u0131nda sa\u011fa do\u011fru ilk sat\u0131r 0,6 cm bo\u015fluk b\u0131rak\u0131lmal\u0131d\u0131r. Metin i\u00e7erisinde \u00f6nce sonra olmak \u00fczere 6nk bo\u015fluk b\u0131rak\u0131lmal\u0131d\u0131r.<\/span><\/p>\n<p style=\"padding-left: 40px;\"><span style=\"color: #000000;\"><strong>b) Sayfa D\u00fczeni:<\/strong> Sayfa ayarlar\u0131 \u00fcstten, soldan, alttan ve sa\u011fdan 3 cm ve tek sat\u0131r aral\u0131kl\u0131, hizalama iki yana yasl\u0131 olmal\u0131d\u0131r.<\/span><\/p>\n<p style=\"padding-left: 40px;\"><span style=\"color: #000000;\"><strong>c) \u00c7al\u0131\u015fman\u0131n B\u00f6l\u00fcmleri: <\/strong>\u00c7al\u0131\u015fmalar, Ba\u015fl\u0131k (T\u00fcrk\u00e7e ve \u0130ngilizce), \u00d6zet (T\u00fcrk\u00e7e ve \u0130ngilizce), Anahtar kelimeler (T\u00fcrk\u00e7e ve \u0130ngilizce), Ana metin (giri\u015f, y\u00f6ntem, bulgular, tart\u0131\u015fma ve sonu\u00e7 gibi), Kaynak\u00e7a ve varsa ekler b\u00f6l\u00fcmlerini i\u00e7ermelidir. ). Yaz\u0131lar\u0131n ana ba\u015fl\u0131klar\u0131 b\u00fcy\u00fck harfle, paragraf hizal\u0131 ve koyu yaz\u0131lmal\u0131d\u0131r. Di\u011fer ba\u015fl\u0131klar\u0131n ise k\u00fc\u00e7\u00fck harflerle, koyu ve paragraf ile hizal\u0131 yaz\u0131lmal\u0131d\u0131r. Giri\u015f ve sonu\u00e7 ba\u015fl\u0131klar\u0131na numara verilmemelidir. Ba\u015fl\u0131klar\u0131n numaraland\u0131r\u0131lmas\u0131 a\u015fa\u011f\u0131daki gibi olmal\u0131d\u0131r:<\/span><\/p>\n<p style=\"padding-left: 80px;\"><span style=\"color: #000000;\"><strong>\u00a0G\u0130R\u0130\u015e<\/strong><\/span><\/p>\n<ol>\n<li style=\"list-style-type: none;\">\n<ol>\n<li style=\"list-style-type: none;\">\n<ol>\n<li><span style=\"color: #000000;\"><strong> XXXXXXX XXXX (ANA BA\u015eLIK)<\/strong><\/span><\/li>\n<\/ol>\n<\/li>\n<\/ol>\n<\/li>\n<\/ol>\n<p style=\"padding-left: 80px;\"><span style=\"color: #000000;\"><strong>\u00a0\u00a0\u00a0\u00a0\u00a0\u00a0\u00a0\u00a0\u00a0\u00a0\u00a0\u00a0\u00a0\u00a0\u00a0\u00a0\u00a0\u00a0\u00a0 1.1. Xxxxxx Xxxxxx Xxxxxx (Alt Ba\u015fl\u0131k)<\/strong><\/span><\/p>\n<p style=\"padding-left: 80px;\"><span style=\"color: #000000;\"><strong>\u00a0\u00a0\u00a0\u00a0\u00a0\u00a0\u00a0\u00a0\u00a0\u00a0\u00a0\u00a0\u00a0\u00a0\u00a0\u00a0\u00a0\u00a0\u00a0\u00a0\u00a0\u00a0\u00a0\u00a0\u00a0\u00a0\u00a0 1.1.1. Xxxx Xxxxx<\/strong><\/span><\/p>\n<p style=\"padding-left: 80px;\"><span style=\"color: #000000;\"><strong>\u00a0\u00a0\u00a0\u00a0\u00a0\u00a0\u00a0\u00a0\u00a0\u00a0\u00a0\u00a0\u00a0\u00a0\u00a0\u00a0\u00a0\u00a0\u00a0\u00a0\u00a0\u00a0\u00a0\u00a0\u00a0\u00a0\u00a0 1.1.2. Xxxxx Xxx Xxxxx<\/strong><\/span><\/p>\n<p style=\"padding-left: 80px;\"><span style=\"color: #000000;\"><strong>\u00a0\u00a0\u00a0\u00a0\u00a0\u00a0\u00a0\u00a0\u00a0\u00a0\u00a0\u00a0\u00a0\u00a0\u00a0\u00a0\u00a0\u00a0\u00a0 1.2. Xxxx Xxxxxxx<\/strong><\/span><\/p>\n<ol>\n<li style=\"list-style-type: none;\">\n<ol>\n<li style=\"list-style-type: none;\">\n<ol start=\"2\">\n<li><span style=\"color: #000000;\"><strong> XXX XXXXXX XXXX<\/strong><\/span><\/li>\n<\/ol>\n<\/li>\n<\/ol>\n<\/li>\n<\/ol>\n<p style=\"padding-left: 80px;\"><span style=\"color: #000000;\"><strong>\u00a0\u00a0\u00a0\u00a0\u00a0\u00a0\u00a0\u00a0\u00a0\u00a0\u00a0\u00a0\u00a0\u00a0\u00a0\u00a0\u00a0\u00a0\u00a0 2.1. Xxxxxx Xxxxxx Xxxxxx<\/strong><\/span><\/p>\n<p style=\"padding-left: 80px;\"><span style=\"color: #000000;\"><strong>\u00a0\u00a0\u00a0\u00a0\u00a0\u00a0\u00a0\u00a0\u00a0\u00a0\u00a0\u00a0\u00a0\u00a0\u00a0\u00a0\u00a0\u00a0\u00a0\u00a0\u00a0\u00a0\u00a0\u00a0\u00a0\u00a0\u00a0 2.1.1. Xxxx Xxxxx<\/strong><\/span><\/p>\n<p style=\"padding-left: 80px;\"><span style=\"color: #000000;\"><strong>\u00a0\u00a0\u00a0\u00a0\u00a0\u00a0\u00a0\u00a0\u00a0\u00a0\u00a0\u00a0\u00a0\u00a0\u00a0\u00a0\u00a0\u00a0\u00a0\u00a0\u00a0\u00a0\u00a0\u00a0\u00a0\u00a0\u00a0 2.1.2. Xxxxx Xxx Xxxxx<\/strong><\/span><\/p>\n<p style=\"padding-left: 80px;\"><span style=\"color: #000000;\"><strong>\u00a0\u00a0\u00a0\u00a0\u00a0\u00a0\u00a0\u00a0\u00a0\u00a0\u00a0\u00a0\u00a0\u00a0\u00a0\u00a0\u00a0\u00a0\u00a0 2.2. Xxxx Xxxxxxx<\/strong><\/span><\/p>\n<p style=\"padding-left: 80px;\"><span style=\"color: #000000;\"><strong>\u00a0\u00a0\u00a0\u00a0\u00a0\u00a0\u00a0\u00a0\u00a0\u00a0\u00a0\u00a0\u00a0\u00a0\u00a0\u00a0\u00a0\u00a0\u00a0 2.3. Xxx Xxxx<\/strong><\/span><\/p>\n<p style=\"padding-left: 80px;\"><span style=\"color: #000000;\"><strong>\u00a0\u00a0\u00a0\u00a0\u00a0\u00a0\u00a0\u00a0\u00a0\u00a0\u00a0\u00a0\u00a0\u00a0\u00a0 SONU\u00c7<\/strong><\/span><\/p>\n<p style=\"padding-left: 80px;\"><span style=\"color: #000000;\"><strong>\u00a0\u00a0\u00a0\u00a0\u00a0\u00a0\u00a0\u00a0\u00a0\u00a0\u00a0\u00a0\u00a0\u00a0\u00a0 KAYNAK\u00c7A<\/strong><\/span><\/p>\n<p style=\"padding-left: 40px;\"><span style=\"color: #000000;\"><strong>d) Ba\u015fl\u0131k ve \u00d6zet (Abstract):<\/strong> \u00c7al\u0131\u015fman\u0131n ilk sayfas\u0131nda ba\u015fl\u0131k sayfaya ortalanm\u0131\u015f, b\u00fcy\u00fck harflerle ve 12 punto Calibri g\u00f6vde ile yaz\u0131lm\u0131\u015f olmal\u0131d\u0131r. Ba\u015fl\u0131\u011f\u0131n hemen alt\u0131nda yazarlar\u0131n yaln\u0131zca ad\u0131 ve soyad\u0131 10 punto ile koyu olarak ve sa\u011fa dayal\u0131 \u015fekilde yaz\u0131lmal\u0131, birden \u00e7ok yazar varsa ad, soyadlar\u0131 s\u0131ras\u0131yla yaz\u0131lmal\u0131; \u00fcnvanlar\u0131, kurum bilgileri, e-mail adresleri ve ORCID bilgisi dipnotta 9 punto ile italik olarak verilmelidir.<\/span><\/p>\n<p style=\"padding-left: 40px;\"><span style=\"color: #000000;\">Ba\u015fl\u0131k ve yazarlar\u0131n isimlerinin hemen alt\u0131nda en az 150, en fazla 200 kelimeden olu\u015fan, 10 punto Calibri g\u00f6vde ve iki yana yasl\u0131 olarak yaz\u0131lm\u0131\u015f T\u00fcrk\u00e7e \u00f6zet yer almal\u0131d\u0131r. \u00d6zetin alt\u0131nda en az \u00fc\u00e7, en fazla be\u015f adet \u201cAnahtar Kelimeler\u201d yer almal\u0131d\u0131r. T\u00fcrk\u00e7e Ba\u015fl\u0131k (12 punto), \u00d6zet (10 punto), Anahtar kelimelerin hemen alt\u0131nda, \u0130ngilizce Ba\u015fl\u0131k (12 punto), Abstract (10 punto), ve Keywords ayn\u0131 kurallara uyularak yaz\u0131lmal\u0131d\u0131r.<\/span><\/p>\n<p style=\"padding-left: 40px;\"><span style=\"color: #000000;\"><strong>e-) Tablo, \u015eekil ve Denklemler:<\/strong> Makalelerdeki tablo, \u015fekil ve denklemlere 1,2,3 \u2026. olarak s\u0131ra numaras\u0131 verilmeli, tablo ve \u015fekillere ait kaynaklar tablonun hemen alt\u0131na yaz\u0131lmal\u0131d\u0131r. Ba\u015fl\u0131klar\u0131 10 punto ile \u00fcstte ve ortalanm\u0131\u015f olarak yer almal\u0131 ve 6nk sat\u0131r aral\u0131\u011f\u0131 b\u0131rak\u0131lmal\u0131d\u0131r. Tablonun i\u00e7eri\u011fi 9 punto Calibri G\u00f6vde ile yaz\u0131lmal\u0131 ve bo\u015fluk b\u0131rak\u0131lmamal\u0131d\u0131r. Tablolardan \u00f6nce veya sonra sat\u0131r ba\u015f\u0131 yap\u0131lmamal\u0131d\u0131r.<\/span><\/p>\n<ol start=\"4\">\n<li><span style=\"color: #000000;\">Makaleler APA sistemine uygun olarak haz\u0131rlanan kaynakc\u0327a ic\u0327ermelidir. Kaynaklara yap\u0131lan at\u0131flar, dipnotlar yerine metnin i\u00e7inde parantez aras\u0131nda yap\u0131lmal\u0131d\u0131r. Metin i\u00e7erisinde a\u00e7\u0131klanmak istenen kimi hususlarla ilgili a\u00e7\u0131klamalar sayfa alt\u0131 dipnotu \u015feklinde belirtilebilir ve bu t\u00fcrden dipnotlar\u0131n say\u0131sal olarak birbirini izlemesi gerekmektedir. Ancak kaynak g\u00f6sterimi sayfa alt\u0131 dipnotu ya da son not \u015feklinde verilemez.<\/span><\/li>\n<\/ol>\n<h3><span style=\"color: #000000;\"><strong>Metin \u0130\u00e7inde Kaynak G\u00f6sterimi<\/strong><\/span><\/h3>\n<p style=\"padding-left: 40px;\"><span style=\"color: #000000;\">1) Belirli bir c\u00fcmle, kavram ya da paragrafa g\u00f6nderme;\u00a0\u00a0 \u2026\u2026\u2026.. (Uzun, 2020: 61)<\/span><\/p>\n<p style=\"padding-left: 40px;\"><span style=\"color: #000000;\">2) Bir makale veya kitab\u0131n b\u00fct\u00fcn\u00fcne g\u00f6nderme; \u2026\u2026\u2026.. (T\u00fcfek\u00e7i, 2015) veya T\u00fcfek\u00e7i (2015)\u2019nin belirtti\u011fi gibi \u2026\u2026..<\/span><\/p>\n<p style=\"padding-left: 40px;\"><span style=\"color: #000000;\">3) Yazar say\u0131s\u0131 iki olan yay\u0131na g\u00f6nderme; \u2026\u2026\u2026. (Alford &amp; Head, 2017) veya Alford &amp; Head (2017)\u2019e g\u00f6re\u2026<\/span><\/p>\n<p style=\"padding-left: 40px;\"><span style=\"color: #000000;\">4) Yazar say\u0131s\u0131 ikiden fazla olan yay\u0131na g\u00f6nderme; .\u2026 (Lewin vd. , 2012: 30) veya Lewin vd. (2012:30)\u2019ne g\u00f6re \u2026\u2026..<\/span><\/p>\n<p style=\"padding-left: 40px;\"><span style=\"color: #000000;\">5) Ayn\u0131 g\u00f6nderme ayr\u0131 yay\u0131nlara yap\u0131ld\u0131\u011f\u0131nda; \u2026.(Alford &amp; Head, 2017; Conklin, 2006; Newman &amp; Head, 2017).<\/span><\/p>\n<p style=\"padding-left: 40px;\"><span style=\"color: #000000;\">6) Ayn\u0131 g\u00f6nderme ayn\u0131 y\u0131lda ayn\u0131 yazar\u0131n iki yay\u0131na yap\u0131ld\u0131\u011f\u0131nda; \u2026\u2026\u2026.. (Uzun, 2020a: 24-30; 2020b: 120-130)<\/span><\/p>\n<p style=\"padding-left: 40px;\"><span style=\"color: #000000;\">7) Ayn\u0131 yazar\u0131n iki ayr\u0131 yay\u0131n\u0131na g\u00f6nderme; \u2026\u2026\u2026.. (Uzun, 2019:12; 2020: 19-20)<\/span><\/p>\n<p style=\"padding-left: 40px;\"><span style=\"color: #000000;\">8) Soyadlar\u0131 ayn\u0131 olan iki yazar\u0131n yay\u0131n\u0131na g\u00f6nderme; \u2026\u2026\u2026.. (\u00d6zen &amp; \u00d6zen, 2011: 61)<\/span><\/p>\n<p style=\"padding-left: 40px;\"><span style=\"color: #000000;\">9) Yazar\u0131 belli olmayan yay\u0131na g\u00f6nderme (yay\u0131na ba\u015fl\u0131\u011f\u0131 yaz\u0131larak g\u00f6nderme yap\u0131l\u0131r); \u2026\u2026\u2026.. (Pazarlama kuram\u0131, 2008: 12)<\/span><\/p>\n<p style=\"padding-left: 40px;\"><span style=\"color: #000000;\">10) Anonim yay\u0131na g\u00f6nderme; \u2026\u2026\u2026.. (Anonim, 1998: 16)<\/span><\/p>\n<p style=\"padding-left: 40px;\"><span style=\"color: #000000;\">11) G\u00f6r\u00fc\u015fmeye g\u00f6nderme; \u2026\u2026\u2026. (\u0130. Pala, g\u00f6r\u00fc\u015fme, 18 Kas\u0131m, 2008)<\/span><\/p>\n<p style=\"padding-left: 40px;\"><span style=\"color: #000000;\">12) Gazetede yay\u0131nlanm\u0131\u015f yazars\u0131z makaleye g\u00f6nderme; \u2026\u2026\u2026. (\u0130hracat\u0131m\u0131z Ge\u00e7en Y\u0131la Oranla % 50 Artt\u0131, Sabah, 12.10.2008)<\/span><\/p>\n<p style=\"padding-left: 40px;\"><span style=\"color: #000000;\">13) Kuruma g\u00f6nderme;\u00a0 Metin i\u00e7inde ilk g\u00f6sterimde; \u2026\u2026\u2026.. (Devlet Planlama Te\u015fkilat\u0131 (DPT), 2007), \u0130kinci g\u00f6sterimde; \u2026\u2026\u2026 (DPT, 2007)<\/span><\/p>\n<p style=\"padding-left: 40px;\"><span style=\"color: #000000;\">14) web adresine g\u00f6nderme \u2026\u2026. (www.tdk.gov.tr, 2008)<\/span><\/p>\n<p style=\"padding-left: 40px;\"><span style=\"color: #000000;\">15) Yay\u0131n tarihi belirsiz yay\u0131na g\u00f6nderme; \u2026\u2026\u2026. (Pala, t.y.: 25-30)<\/span><\/p>\n<p style=\"padding-left: 40px;\"><span style=\"color: #000000;\">16) \u0130kincil kaynaklara g\u00f6nderme \u00a0\u2026\u2026.(Glazer, 1997; Akt. Nicholson, 2009).<\/span><\/p>\n<p style=\"padding-left: 40px;\"><span style=\"color: #000000;\">Burada yer almayan durumlarda;<\/span><\/p>\n<p style=\"padding-left: 40px;\"><span style=\"color: #000000;\">https:\/\/apastyle.apa.org\/style-grammar-guidelines\/references\/examples sayfas\u0131ndaki a\u00e7\u0131klamalara g\u00f6re g\u00f6ndermeler yap\u0131lmal\u0131d\u0131r.<\/span><\/p>\n<h3><span style=\"color: #000000;\"><strong> Kaynak\u00e7a Haz\u0131rlama<\/strong><\/span><\/h3>\n<p style=\"padding-left: 40px;\"><span style=\"color: #000000;\">Makalelerde yararlan\u0131lan eserler, metnin sonunda yer alacak Kaynak\u00e7a b\u00f6l\u00fcm\u00fcnde a\u015fa\u011f\u0131daki \u015fekilde belirtilmelidir:<\/span><\/p>\n<ol>\n<li><span style=\"color: #000000;\">Kaynak\u00e7ada yaln\u0131zca yaz\u0131da g\u00f6nderme yap\u0131lan kaynaklara yer verilmeli ve yazar soyad\u0131na g\u00f6re alfabetik s\u0131ra izlemelidir.<\/span><\/li>\n<li><span style=\"color: #000000;\">Bir yazar\u0131n birden \u00e7ok \u00e7al\u0131\u015fmas\u0131 ayn\u0131 kaynak\u00e7ada yer alacaksa yay\u0131n tarihine g\u00f6re eskiden yeniye g\u00f6re s\u0131ralanmal\u0131, ayn\u0131 y\u0131lda yap\u0131lan \u00e7al\u0131\u015fmalar i\u00e7in \u201ca, b, c\u2026\u201d ibareleri kullan\u0131lmal\u0131d\u0131r.<\/span><\/li>\n<li><span style=\"color: #000000;\">Kaynak\u00e7a i\u00e7in 1 as\u0131l\u0131 paragraf bi\u00e7imi uygulanmal\u0131d\u0131r (MS Ofis Word program\u0131nda Paragraf-Girinti ve Aral\u0131klar-Girinti-\u00d6zel-As\u0131l\u0131 Paragraf<\/span><\/li>\n<li><span style=\"color: #000000;\">Kaynak\u00e7ada kaynak g\u00f6sterimi \u015fu \u015fekilde olmal\u0131d\u0131r:<\/span>\n<ol>\n<li><span style=\"color: #000000;\"><strong> Makale<\/strong><\/span><\/li>\n<\/ol>\n<\/li>\n<\/ol>\n<p style=\"padding-left: 80px;\"><span style=\"color: #000000;\">Guadalupe, M., Li, H., &amp; Wulf, J. (2014). Who lives in the C-suite? Organizational structure and the division of labor in top management.\u00a0<em>Management Science, 60<\/em>(4), 824-844.\u00a0<\/span><\/p>\n<p style=\"padding-left: 80px;\"><span style=\"color: #000000;\">\u00c7ok yazarl\u0131 dergi makalelerinin kaynak\u00e7ada g\u00f6steriminde en fazla 20 yazar olmak kayd\u0131 ile t\u00fcm yazarlar\u0131n soyad\u0131 ve ba\u015f harfleri yaz\u0131l\u0131r.<\/span><\/p>\n<p style=\"padding-left: 80px;\"><span style=\"color: #000000;\">Miller, T. C., Brown, M. J., Wilson, G. L., Evans, B. B., Kelly, R. S., Turner, S. T., Lewis, F., Lee, L. H., Cox, G., Harris, H. L., Martin, P., Gonzalez, W. L., Hughes, W., Carter, D., Campbell, C., Baker, A. B., Flores, T., Gray, W. E., Green, G., \u2026 Nelson, T. P. (2018).<\/span><\/p>\n<ol>\n<li style=\"list-style-type: none;\">\n<ol start=\"2\">\n<li><span style=\"color: #000000;\"><strong> Kitap<\/strong><\/span><\/li>\n<\/ol>\n<\/li>\n<\/ol>\n<p style=\"padding-left: 80px;\"><span style=\"color: #000000;\">Agranoff, R. &amp; McGuire, M. (2003). Collaborative public management: New strategies for local governments. Georgetown University Press. (Sadece yay\u0131nevi verilmeli ancak yay\u0131n yeri verilmemelidir.)<\/span><\/p>\n<ol>\n<li style=\"list-style-type: none;\">\n<ol start=\"3\">\n<li><span style=\"color: #000000;\"><strong> Kitap B\u00f6l\u00fcm\u00fc <\/strong><\/span><\/li>\n<\/ol>\n<\/li>\n<\/ol>\n<p style=\"padding-left: 80px;\"><span style=\"color: #000000;\">Aslan, C. &amp; Do\u011fan G\u00fcldeno\u011flu, B. N. (2018). \u00c7ok sat\u0131lan \u00e7ocuk edebiyat\u0131 kitaplar\u0131nda \u00e7ocuk haklar\u0131 \u00fczerine bir \u00e7\u00f6z\u00fcmleme. Y. Karaman Kepenekci ve P. Ta\u015fk\u0131n (Edit\u00f6rler), <em>Prof. Dr. Emine Aky\u00fcz\u2019e arma\u011fan: Akademisyenlikte 50 y\u0131l. <\/em>(ss. 90-102). Pegem Akademi.<\/span><\/p>\n<p style=\"padding-left: 80px;\"><span style=\"color: #000000;\">Benington J. &amp; Hartley, J. (2010), Knowledge and capabilities for leadership across the whole public service system. In S. Brookes, &amp; K. Grint (Eds.). <em>The new public leadership challenge<\/em>\u00a0 (ss. 167-189). Palgrave Macmillan.<\/span><\/p>\n<ol>\n<li style=\"list-style-type: none;\">\n<ol start=\"4\">\n<li><span style=\"color: #000000;\"><strong> T\u00fczelki\u015fi Yazarl\u0131 Kitap<\/strong><\/span><\/li>\n<\/ol>\n<\/li>\n<\/ol>\n<p style=\"padding-left: 80px;\"><span style=\"color: #000000;\">Y\u00fcksek\u00f6\u011fretim Kurulu. (2007). <em>\u00d6\u011fretmen Yeti\u015ftirme ve E\u011fitim Fak\u00fclteleri (1982-2007).<\/em> Eri\u015fim adresi: <a style=\"color: #000000;\" href=\"http:\/\/www.yok.gov.tr\">http:\/\/www.yok.gov.tr<\/a><\/span><\/p>\n<p style=\"padding-left: 80px;\"><span style=\"color: #000000;\">National Cancer Institute. (2019). <em>Taking time: Support for people with cancer (NIH Publication No. 18-2059).<\/em> U.S. Department of Health and Human Services, National Institutes of Health. <a style=\"color: #000000;\" href=\"https:\/\/www.cancer.gov\/publications\/patient-education\/takingtime.pdf\">https:\/\/www.cancer.gov\/publications\/patient-education\/takingtime.pdf<\/a><\/span><\/p>\n<ol>\n<li style=\"list-style-type: none;\">\n<ol start=\"5\">\n<li><span style=\"color: #000000;\"><strong> Ansiklopedi ya da S\u00f6zl\u00fck<\/strong><\/span><\/li>\n<\/ol>\n<\/li>\n<\/ol>\n<p style=\"padding-left: 80px;\"><span style=\"color: #000000;\">T\u00fcrk Dil Kurumu. (2005). T\u00fcrk\u00e7e S\u00f6zl\u00fck. T\u00fcrk Dil Kurumu Yay\u0131nlar\u0131.<\/span><\/p>\n<p style=\"padding-left: 80px;\"><span style=\"color: #000000;\">Merriam-Webster. (2003). Litmus test. In\u00a0<em>Merriam-Webster\u2019s collegiate dictionary<\/em>\u00a0(11th ed., p. 727).<\/span><\/p>\n<ol>\n<li style=\"list-style-type: none;\">\n<ol start=\"6\">\n<li><span style=\"color: #000000;\"><strong> Websitesi at\u0131f\u0131<\/strong><\/span><\/li>\n<\/ol>\n<\/li>\n<\/ol>\n<p style=\"padding-left: 80px;\"><span style=\"color: #000000;\">Aktay, S. (2010, 10 Temmuz). \u0130nternet nas\u0131l \u00e7al\u0131\u015f\u0131r?. Internet Nedir. http:\/\/www.internetnedir.net\/internet-nasil-calisir.html<\/span><\/p>\n<p style=\"padding-left: 80px;\"><span style=\"color: #000000;\">\u201cTarih yok ise tarih yerine (t.y.) yaz\u0131lacak\u201d.<\/span><\/p>\n<ol>\n<li style=\"list-style-type: none;\">\n<ol start=\"7\">\n<li><span style=\"color: #000000;\"><strong> Yay\u0131mlanmam\u0131\u015f Bildiri <\/strong><\/span><\/li>\n<\/ol>\n<\/li>\n<\/ol>\n<p style=\"padding-left: 80px;\"><span style=\"color: #000000;\">Aktay, S., I\u015f\u0131k, E., &amp; Gen\u00e7soy, E. (2019, 24-27 Nisan). <em>Tam g\u00fcn \u00f6\u011fretim mi ikili \u00f6\u011fretim mi?.<\/em> 3. Uluslararas\u0131 S\u0131n\u0131rs\u0131z E\u011fitim ve Ara\u015ft\u0131rma Sempozyumu (USEAS 2019), Mu\u011fla, T\u00fcrkiye.<\/span><\/p>\n<p style=\"padding-left: 80px;\"><span style=\"color: #000000;\">Evans, A. C., Jr., Garbarino, J., Bocanegra, E., Kinscherff, R. T., &amp; M\u00e1rquez-Greene, N. (2019, August 8\u201311<em>). Gun violence: An event on the power of community<\/em>. APA 2019 Convention, Chicago, IL, United States.<\/span><\/p>\n<ol>\n<li style=\"list-style-type: none;\">\n<ol start=\"8\">\n<li><span style=\"color: #000000;\"><strong> Yay\u0131mlanm\u0131\u015f Bildiri<\/strong><\/span><\/li>\n<\/ol>\n<\/li>\n<\/ol>\n<p style=\"padding-left: 80px;\"><span style=\"color: #000000;\">Balc\u0131, A. (2002). T\u00fcrkiye\u2019de E\u011fitim Y\u00f6neticilerinin Yeti\u015ftirilmesi. C. Elma ve \u015e. \u00c7\u0131nk\u0131r (Edit\u00f6rler), 21. Y\u00fczy\u0131l E\u011fitim Y\u00f6neticilerinin Yeti\u015ftirilmesi Sempozyumu (ss. 327-329). <a style=\"color: #000000;\" href=\"http:\/\/kitaplar.ankara.edu.tr\/dosyalar\/pdf\/100.pdf\">http:\/\/kitaplar.ankara.edu.tr\/dosyalar\/pdf\/100.pdf<\/a><\/span><\/p>\n<p style=\"padding-left: 80px;\"><span style=\"color: #000000;\">Katz, I., Gabayan, K., &amp; Aghajan, H. (2007). A multi-touch surface using multiple cameras. In J. Blanc-Talon, W. Philips, D. Popescu, &amp; P. Scheunders (Eds.), <em>Lecture Notes in Computer Science: Vol. 4678. Advanced Concepts for Intelligent Vision Systems<\/em> (pp. 97\u2013108). doi: 10.1007\/978-3-540-74607-2_9.<\/span><\/p>\n<ol>\n<li style=\"list-style-type: none;\">\n<ol start=\"9\">\n<li><span style=\"color: #000000;\"><strong> Yazar\u0131 Belirtilmi\u015f Gazete Makalesi<\/strong><\/span><\/li>\n<\/ol>\n<\/li>\n<\/ol>\n<p style=\"padding-left: 80px;\"><span style=\"color: #000000;\">Ayd\u0131n, \u0130. (2018, 7 May\u0131s). Okullarda Denetim \u0130\u00e7in 9 Neden. H\u00fcrriyet. http:\/\/www.hurriyet.com.tr\/egitim\/okullarda-denetim-icin-9-neden40826979<\/span><\/p>\n<p style=\"padding-left: 80px;\"><span style=\"color: #000000;\">Carey, B. (2019, March 22). Can we get better at forgetting? The New York Times. https:\/\/www.nytimes.com\/2019\/03\/22\/health\/memory-forgetting-psychology.html<\/span><\/p>\n<p style=\"padding-left: 80px;\"><span style=\"color: #000000;\">Harlan, C. (2013, April 2). North Korea vows to restart shuttered nuclear reactor that can make bomb-grade plutonium. The Washington Post, A1, A4.<\/span><\/p>\n<ol>\n<li style=\"list-style-type: none;\">\n<ol start=\"10\">\n<li><span style=\"color: #000000;\"><strong> Yazar\u0131 Belirtilmemi\u015f Gazete Makalesi<\/strong><\/span><\/li>\n<\/ol>\n<\/li>\n<\/ol>\n<p style=\"padding-left: 80px;\"><span style=\"color: #000000;\">Valiliklerde \u0130l \u0130dare Kurullar\u0131 Ve Pandemi Kurullar\u0131 Toplanacak. (2020, Mart), Anadolu Ajans\u0131, <a style=\"color: #000000;\" href=\"https:\/\/www.aa.com.tr\/tr\">https:\/\/www.aa.com.tr\/tr<\/a><\/span><\/p>\n<ol>\n<li style=\"list-style-type: none;\">\n<ol start=\"11\">\n<li><span style=\"color: #000000;\"><strong> Yay\u0131mlanmam\u0131\u015f Tez<\/strong><\/span><\/li>\n<\/ol>\n<\/li>\n<\/ol>\n<p style=\"padding-left: 80px;\"><span style=\"color: #000000;\">Bekdemir, S. (2016). Sadr\u00fc\u015f\u015feria es-S\u00e2ni&#8217;nin hukuk\u00e7ulu\u011fu (Et-Tavz\u00eeh fi Halli \u011eav\u00e2mizi&#8217;t Tenk\u00eeh adl\u0131 eseri ba\u011flam\u0131nda (Yay\u0131mlanmam\u0131\u015f Doktora Tezi). Sivas Cumhuriyet \u00dcniversitesi,<\/span><\/p>\n<p style=\"padding-left: 80px;\"><span style=\"color: #000000;\">Harris, L. (2014). Instructional leadership perceptions and practices of elementary school leaders [Unpublished doctoral dissertation]. University of Virginia.<\/span><\/p>\n<ol>\n<li style=\"list-style-type: none;\">\n<ol start=\"12\">\n<li><span style=\"color: #000000;\"><strong> Teknik ve Ara\u015ft\u0131rma Raporu<\/strong><\/span><\/li>\n<\/ol>\n<\/li>\n<\/ol>\n<p style=\"padding-left: 80px;\"><span style=\"color: #000000;\">Din\u00e7er, B., \u00d6zaslan, M., ve Kavaso\u011flu, T. (2003). \u0130llerin ve b\u00f6lgelerin sosyo-ekonomik geli\u015fmi\u015flik s\u0131ralamas\u0131 ara\u015ft\u0131rmas\u0131. Yay\u0131n No: DPT 2671. Ankara: DPT.<\/span><\/p>\n<p style=\"padding-left: 80px;\"><span style=\"color: #000000;\">\u0130stanbul \u0130l Milli E\u011fitim M\u00fcd\u00fcrl\u00fc\u011f\u00fc. (2012). \u0130stanbul il milli e\u011fitim m\u00fcd\u00fcrl\u00fc\u011f\u00fc. \u0130l\u00e7e milli e\u011fitim m\u00fcd\u00fcrl\u00fckleri performans de\u011ferlendirme kriterleri. http:\/\/bakirkoy.meb.gov.tr\/meb_iys_dosyalar\/2012_08\/10020925_performansdegerlendirme kriterleri.pdf<\/span><\/p>\n<ol>\n<li style=\"list-style-type: none;\">\n<ol start=\"13\">\n<li><span style=\"color: #000000;\"><strong> Kamusal-Hukuksal Metinler\/Yasalar<\/strong><\/span><\/li>\n<\/ol>\n<\/li>\n<\/ol>\n<p style=\"padding-left: 80px;\"><span style=\"color: #000000;\">60. H\u00fck\u00fcmet Eylem Plan\u0131: 2008-2012. (2007). <a style=\"color: #000000;\" href=\"http:\/\/www.byegm\">http:\/\/www.byegm<\/a>. gov.tr\/docs \/60_Hukumet_prog.pdf.<\/span><\/p>\n<p style=\"padding-left: 80px;\"><span style=\"color: #000000;\">\u0130lko\u011fretim ve E\u011fitim Kanunu. (1961). Resmi Gazete. Say\u0131: 10705, 12.01.1961.<\/span><\/p>\n","protected":false},"excerpt":{"rendered":"<p>Genel Yaz\u0131m Kurallar\u0131 Dergide yay\u0131mlanmak \u00fczere g\u00f6nderilecek \u00e7al\u0131\u015fmalar\u0131n, \u015fablona uygun haldeki metinlerinin her \u015fey dahil olmak \u00fczere en az 6000 en fazla 8000 kelime olmas\u0131 gerekmektedir. Makalelerin bu limitleri belirli bir \u00f6l\u00e7\u00fcde a\u015fmas\u0131 durumunda, de\u011ferlendirme s\u00fcrecinin ba\u015flat\u0131lmas\u0131na dergi edit\u00f6rl\u00fc\u011f\u00fc karar verecektir. Yaz\u0131lar\u0131n bilgisayarla, Windows Word 2010 veya daha \u00fcst bir versiyonunda yaz\u0131lmas\u0131 arzu edilmektedir. Makale [&hellip;]<\/p>\n","protected":false},"author":1,"featured_media":0,"parent":0,"menu_order":0,"comment_status":"closed","ping_status":"closed","template":"","meta":{"footnotes":""},"class_list":["post-32","page","type-page","status-publish","hentry"],"_links":{"self":[{"href":"https:\/\/trabzondergisi.org\/index.php?rest_route=\/wp\/v2\/pages\/32","targetHints":{"allow":["GET"]}}],"collection":[{"href":"https:\/\/trabzondergisi.org\/index.php?rest_route=\/wp\/v2\/pages"}],"about":[{"href":"https:\/\/trabzondergisi.org\/index.php?rest_route=\/wp\/v2\/types\/page"}],"author":[{"embeddable":true,"href":"https:\/\/trabzondergisi.org\/index.php?rest_route=\/wp\/v2\/users\/1"}],"replies":[{"embeddable":true,"href":"https:\/\/trabzondergisi.org\/index.php?rest_route=%2Fwp%2Fv2%2Fcomments&post=32"}],"version-history":[{"count":4,"href":"https:\/\/trabzondergisi.org\/index.php?rest_route=\/wp\/v2\/pages\/32\/revisions"}],"predecessor-version":[{"id":137,"href":"https:\/\/trabzondergisi.org\/index.php?rest_route=\/wp\/v2\/pages\/32\/revisions\/137"}],"wp:attachment":[{"href":"https:\/\/trabzondergisi.org\/index.php?rest_route=%2Fwp%2Fv2%2Fmedia&parent=32"}],"curies":[{"name":"wp","href":"https:\/\/api.w.org\/{rel}","templated":true}]}}