{"id":295,"date":"2025-12-29T20:24:47","date_gmt":"2025-12-29T20:24:47","guid":{"rendered":"https:\/\/trabzondergisi.org\/?page_id=295"},"modified":"2025-12-29T20:25:45","modified_gmt":"2025-12-29T20:25:45","slug":"cilt-4-sayi-1","status":"publish","type":"page","link":"https:\/\/trabzondergisi.org\/?page_id=295","title":{"rendered":"Cilt 4 Say\u0131 1"},"content":{"rendered":"<div class=\"_3d-flip-book  fb3d-fullscreen-mode full-size\" data-id=\"273\" data-mode=\"fullscreen\" data-title=\"false\" data-template=\"short-white-book-view\" data-lightbox=\"dark-shadow\" data-urlparam=\"fb3d-page\" data-page-n=\"0\" data-pdf=\"\" data-tax=\"null\" data-thumbnail=\"\" data-cols=\"3\" data-book-template=\"default\" data-trigger=\"\"><\/div><script type=\"text\/javascript\">window.FB3D_CLIENT_DATA = window.FB3D_CLIENT_DATA || [];FB3D_CLIENT_DATA.push('eyJwb3N0cyI6eyIyNzMiOnsiSUQiOjI3MywidGl0bGUiOiJBcmFsXHUwMTMxayAyMDI0IHwgQ1x1MDEzMExUIDQgU0FZSSAxIHwgRGVjZW1iZXIgMjAyNCB8IFZPTC4gNCBOTy4gMSIsInR5cGUiOiJwZGYiLCJyZWFkeV9mdW5jdGlvbiI6IiIsImJvb2tfc3R5bGUiOiJhdXRvIiwiYm9va190ZW1wbGF0ZSI6Im5vbmUiLCJvdXRsaW5lIjpbXSwiZGF0YSI6eyJwb3N0X0lEIjoiMjcyIiwiZ3VpZCI6Imh0dHA6XC9cL3RyYWJ6b25kZXJnaXNpLm9yZ1wvd3AtY29udGVudFwvdXBsb2Fkc1wvMjAyNFwvMTJcL1RDRC1Wb2wtNC1Oby0xLnBkZiIsInBkZl9wYWdlcyI6IjU3IiwicGFnZXNfY3VzdG9taXphdGlvbiI6Im5vbmUifSwidGh1bWJuYWlsIjp7ImRhdGEiOnsicG9zdF9JRCI6IjAifSwidHlwZSI6ImF1dG8ifSwicHJvcHMiOnsiYmFja2dyb3VuZENvbG9yIjoiYXV0byIsImJhY2tncm91bmRJbWFnZSI6ImF1dG8iLCJiYWNrZ3JvdW5kU3R5bGUiOiJhdXRvIiwiaGlnaGxpZ2h0TGlua3MiOiJhdXRvIiwibGlnaHRpbmciOiJhdXRvIiwic2luZ2xlUGFnZU1vZGUiOiJhdXRvIiwiY2FjaGVkUGFnZXMiOiJhdXRvIiwicmVuZGVySW5hY3RpdmVQYWdlcyI6ImF1dG8iLCJyZW5kZXJJbmFjdGl2ZVBhZ2VzT25Nb2JpbGUiOiJhdXRvIiwicmVuZGVyV2hpbGVGbGlwcGluZyI6ImF1dG8iLCJwcmVsb2FkUGFnZXMiOiJhdXRvIiwiYXV0b1BsYXlEdXJhdGlvbiI6ImF1dG8iLCJydGwiOiJhdXRvIiwiaW50ZXJhY3RpdmVDb3JuZXJzIjoiYXV0byIsIm1heERlcHRoIjoiYXV0byIsInNoZWV0Ijp7InN0YXJ0VmVsb2NpdHkiOiJhdXRvIiwid2F2ZSI6ImF1dG8iLCJzaGFwZSI6ImF1dG8iLCJ3aWR0aFRleGVscyI6ImF1dG8iLCJjb2xvciI6ImF1dG8iLCJzaWRlIjoiYXV0byIsInN0cmV0Y2hJbWFnZXMiOiJhdXRvIiwiY29ybmVyRGV2aWF0aW9uIjoiYXV0byIsImZsZXhpYmlsaXR5IjoiYXV0byIsImZsZXhpYmxlQ29ybmVyIjoiYXV0byIsImJlbmRpbmciOiJhdXRvIiwiaGVpZ2h0VGV4ZWxzIjoiYXV0byJ9LCJjb3ZlciI6eyJ3YXZlIjoiYXV0byIsImNvbG9yIjoiYXV0byIsInNpZGUiOiJhdXRvIiwic3RyZXRjaEltYWdlcyI6ImF1dG8iLCJiaW5kZXJUZXh0dXJlIjoiYXV0byIsImRlcHRoIjoiYXV0byIsInBhZGRpbmciOiJhdXRvIiwic3RhcnRWZWxvY2l0eSI6ImF1dG8iLCJmbGV4aWJpbGl0eSI6ImF1dG8iLCJmbGV4aWJsZUNvcm5lciI6ImF1dG8iLCJiZW5kaW5nIjoiYXV0byIsIndpZHRoVGV4ZWxzIjoiYXV0byIsImhlaWdodFRleGVscyI6ImF1dG8iLCJtYXNzIjoiYXV0byIsInNoYXBlIjoiYXV0byJ9LCJwYWdlIjp7IndhdmUiOiJhdXRvIiwiY29sb3IiOiJhdXRvIiwic2lkZSI6ImF1dG8iLCJzdHJldGNoSW1hZ2VzIjoiYXV0byIsImRlcHRoIjoiYXV0byIsInN0YXJ0VmVsb2NpdHkiOiJhdXRvIiwiZmxleGliaWxpdHkiOiJhdXRvIiwiZmxleGlibGVDb3JuZXIiOiJhdXRvIiwiYmVuZGluZyI6ImF1dG8iLCJ3aWR0aFRleGVscyI6ImF1dG8iLCJoZWlnaHRUZXhlbHMiOiJhdXRvIiwibWFzcyI6ImF1dG8iLCJzaGFwZSI6ImF1dG8ifSwiaGVpZ2h0IjoiYXV0byIsIndpZHRoIjoiYXV0byIsImdyYXZpdHkiOiJhdXRvIiwicGFnZXNGb3JQcmVkaWN0aW5nIjoiYXV0byJ9LCJjb250cm9sUHJvcHMiOnsiYWN0aW9ucyI6eyJjbWRUb2MiOnsiZW5hYmxlZCI6ImF1dG8iLCJlbmFibGVkSW5OYXJyb3ciOiJhdXRvIiwiYWN0aXZlIjoiYXV0byIsImRlZmF1bHRUYWIiOiJhdXRvIn0sImNtZEF1dG9QbGF5Ijp7ImVuYWJsZWQiOiJhdXRvIiwiZW5hYmxlZEluTmFycm93IjoiYXV0byIsImFjdGl2ZSI6ImF1dG8ifSwiY21kU2F2ZSI6eyJlbmFibGVkIjoiYXV0byIsImVuYWJsZWRJbk5hcnJvdyI6ImF1dG8ifSwiY21kUHJpbnQiOnsiZW5hYmxlZCI6ImF1dG8iLCJlbmFibGVkSW5OYXJyb3ciOiJhdXRvIn0sImNtZFNpbmdsZVBhZ2UiOnsiZW5hYmxlZCI6ImF1dG8iLCJlbmFibGVkSW5OYXJyb3ciOiJhdXRvIiwiYWN0aXZlIjoiYXV0byIsImFjdGl2ZUZvck1vYmlsZSI6ImF1dG8ifSwid2lkVG9vbGJhciI6eyJlbmFibGVkIjoiYXV0byIsImVuYWJsZWRJbk5hcnJvdyI6ImF1dG8ifX19LCJhdXRvVGh1bWJuYWlsIjoiaHR0cDpcL1wvdHJhYnpvbmRlcmdpc2kub3JnXC93cC1jb250ZW50XC91cGxvYWRzXC8zZC1mbGlwLWJvb2tcL2F1dG8tdGh1bWJuYWlsc1wvMjczLnBuZyIsInBvc3RfbmFtZSI6ImFyYWxpay0yMDI0LWNpbHQtNC1zYXlpLTEtZGVjZW1iZXItMjAyNC12b2wtNC1uby0xIiwicG9zdF90eXBlIjoiM2QtZmxpcC1ib29rIn19LCJwYWdlcyI6W10sImZpcnN0UGFnZXMiOltdfQ==');window.FB3D_CLIENT_LOCALE && FB3D_CLIENT_LOCALE.render && FB3D_CLIENT_LOCALE.render();<\/script>\n<hr \/>\n<h4 style=\"text-align: center;\"><a href=\"http:\/\/trabzondergisi.org\/wp-content\/uploads\/2024\/12\/TCD-Vol-4-No-1.pdf\" target=\"_blank\" rel=\"noopener\"><strong>TRABZON \u00c7ALI\u015eMALARI DERG\u0130S\u0130 | <\/strong><em>JOURNAL of TRABZON STUDIES<\/em><\/a><\/h4>\n<p style=\"text-align: center;\">Aral\u0131k 2024 | C\u0130LT 4 SAYI 1 | December 2024 | VOL. 4 NO. 1<\/p>\n<table width=\"100%\">\n<tbody>\n<tr>\n<td width=\"7%\"><strong>6-24<\/strong><\/td>\n<td width=\"22%\"><strong>Ara\u015ft\u0131rma Makalesi<\/strong><\/p>\n<p>Research Article<\/td>\n<td width=\"70%\"><a href=\"http:\/\/trabzondergisi.org\/wp-content\/uploads\/2024\/12\/TCD-Vol-4-No-1-A-1.pdf\" target=\"_blank\" rel=\"noopener\"><strong>Trabzon\u2019da 50 Y\u0131lda De\u011fi\u015fen Mahalle \u0130sim ve S\u0131n\u0131rlar\u0131<br \/>\n<\/strong><\/a><em style=\"font-family: inherit; font-size: inherit;\">Neigborhood Names and Boundaries That Changed in Trabzon in 50 Years<br \/>\n<\/em><em><strong>B\u00fc\u015fra Ayd\u0131n<\/strong><\/em><\/td>\n<\/tr>\n<tr>\n<td width=\"7%\"><strong>25-44<\/strong><\/td>\n<td width=\"22%\"><strong>Ara\u015ft\u0131rma Makalesi<\/strong><\/p>\n<p>Research Article<\/td>\n<td width=\"70%\"><a href=\"http:\/\/trabzondergisi.org\/wp-content\/uploads\/2024\/12\/TCD-Vol-4-No-1-A-2.pdf\" target=\"_blank\" rel=\"noopener\"><strong>Trabzon\u2019da Sa\u011fl\u0131k Hizmetleri (1923-1960)<br \/>\n<\/strong><\/a><em style=\"font-family: inherit; font-size: inherit;\">Health Services in the City of Trabzon (1923-1960)<br \/>\n<\/em><em><strong>Cem Er<\/strong><\/em><\/td>\n<\/tr>\n<tr>\n<td width=\"7%\"><strong>45-46<\/strong><\/td>\n<td width=\"22%\"><strong>Kitap \u0130ncelemesi<\/strong><\/p>\n<p>Book Review<\/td>\n<td width=\"70%\"><a href=\"http:\/\/trabzondergisi.org\/wp-content\/uploads\/2024\/12\/TCD-Vol-4-No-1-BR-1.pdf\" target=\"_blank\" rel=\"noopener\"><strong>Ge\u00e7mi\u015ften G\u00fcn\u00fcm\u00fcze Trabzon\u2019da Do\u011fal Afetler<\/strong><\/a><\/p>\n<p><em><strong>Muharrem Bayrak<\/strong><\/em><\/td>\n<\/tr>\n<tr>\n<td width=\"7%\"><strong>47-55<\/strong><\/td>\n<td width=\"22%\"><strong>Bibliyografya<\/strong><\/p>\n<p>Bibliography<\/td>\n<td width=\"70%\"><a href=\"http:\/\/trabzondergisi.org\/wp-content\/uploads\/2024\/12\/TCD-Vol-4-No-1-Bib.pdf\" target=\"_blank\" rel=\"noopener\"><strong>2024 y\u0131l\u0131nda Trabzon \u00dczerine Yaz\u0131lm\u0131\u015f Kitap ve Makaleler <\/strong><\/a><\/td>\n<\/tr>\n<\/tbody>\n<\/table>\n","protected":false},"excerpt":{"rendered":"<p>TRABZON \u00c7ALI\u015eMALARI DERG\u0130S\u0130 | JOURNAL of TRABZON STUDIES Aral\u0131k 2024 | C\u0130LT 4 SAYI 1 | December 2024 | VOL. 4 NO. 1 6-24 Ara\u015ft\u0131rma Makalesi Research Article Trabzon\u2019da 50 Y\u0131lda De\u011fi\u015fen Mahalle \u0130sim ve S\u0131n\u0131rlar\u0131 Neigborhood Names and Boundaries That Changed in Trabzon in 50 Years B\u00fc\u015fra Ayd\u0131n 25-44 Ara\u015ft\u0131rma Makalesi Research Article Trabzon\u2019da [&hellip;]<\/p>\n","protected":false},"author":1,"featured_media":0,"parent":0,"menu_order":0,"comment_status":"closed","ping_status":"closed","template":"","meta":{"footnotes":""},"class_list":["post-295","page","type-page","status-publish","hentry"],"_links":{"self":[{"href":"https:\/\/trabzondergisi.org\/index.php?rest_route=\/wp\/v2\/pages\/295","targetHints":{"allow":["GET"]}}],"collection":[{"href":"https:\/\/trabzondergisi.org\/index.php?rest_route=\/wp\/v2\/pages"}],"about":[{"href":"https:\/\/trabzondergisi.org\/index.php?rest_route=\/wp\/v2\/types\/page"}],"author":[{"embeddable":true,"href":"https:\/\/trabzondergisi.org\/index.php?rest_route=\/wp\/v2\/users\/1"}],"replies":[{"embeddable":true,"href":"https:\/\/trabzondergisi.org\/index.php?rest_route=%2Fwp%2Fv2%2Fcomments&post=295"}],"version-history":[{"count":2,"href":"https:\/\/trabzondergisi.org\/index.php?rest_route=\/wp\/v2\/pages\/295\/revisions"}],"predecessor-version":[{"id":298,"href":"https:\/\/trabzondergisi.org\/index.php?rest_route=\/wp\/v2\/pages\/295\/revisions\/298"}],"wp:attachment":[{"href":"https:\/\/trabzondergisi.org\/index.php?rest_route=%2Fwp%2Fv2%2Fmedia&parent=295"}],"curies":[{"name":"wp","href":"https:\/\/api.w.org\/{rel}","templated":true}]}}