{"id":29,"date":"2021-02-03T21:10:55","date_gmt":"2021-02-03T21:10:55","guid":{"rendered":"http:\/\/trabzondergisi.org\/?page_id=29"},"modified":"2024-11-05T18:36:34","modified_gmt":"2024-11-05T18:36:34","slug":"yayin-ilkeleri","status":"publish","type":"page","link":"https:\/\/trabzondergisi.org\/?page_id=29","title":{"rendered":"Yay\u0131n \u0130lkeleri"},"content":{"rendered":"<hr \/>\n<ul>\n<li style=\"text-align: justify;\">Dergiye yay\u0131mlanmak \u00fczere g\u00f6nderilen makaleler ba\u015fka bir yerde yay\u0131mlanmam\u0131\u015f ya da yay\u0131mlanmak \u00fczere ba\u015fka bir yere g\u00f6nderilmemi\u015f olmal\u0131d\u0131r. Buna dair <strong>\u201cTelif Hakk\u0131 Bildirimi\u201d<\/strong> yazarlar taraf\u0131ndan imzalan\u0131p tarat\u0131larak makale ile birlikte dergiye g\u00f6nderilmelidir.<\/li>\n<li style=\"text-align: justify;\">Makaleler akademik-bilimsel etik kurallar\u0131na uygun \u015fekilde haz\u0131rlanmal\u0131d\u0131r. Ba\u015fvurusu kabul edilen makaleler intihal program\u0131ndan ge\u00e7irilmektedir.<\/li>\n<li style=\"text-align: justify;\">Dergiye g\u00f6nderilen makaleler \u201ck\u00f6r hakem\u201d y\u00f6ntemiyle de\u011ferlendirilmektedir. Makaleler, Yay\u0131n Kurulunca \u00f6n incelemeden ge\u00e7irildikten sonra uygun bulunanlar iki ayr\u0131 hakeme g\u00f6nderilmekte, iki hakemin g\u00f6r\u00fc\u015f ayr\u0131l\u0131\u011f\u0131 durumunda \u00fc\u00e7\u00fcnc\u00fc bir hakemin g\u00f6r\u00fc\u015f\u00fcne sunulmaktad\u0131r. Hakemlerden gelen raporlar do\u011frultusunda, makalenin yay\u0131mlanmas\u0131na, rapor \u00e7er\u00e7evesinde d\u00fczeltme istenmesine ya da geri \u00e7evrilmesine karar verilmekte ve sonu\u00e7 yazara iletilmektedir. Kabul edilen makalenin derginin hangi say\u0131s\u0131nda yay\u0131mlanaca\u011f\u0131na Yay\u0131n Kurulu karar vermektedir.<\/li>\n<li style=\"text-align: justify;\">Yay\u0131mlanan yaz\u0131lardaki g\u00f6r\u00fc\u015flerin sorumlulu\u011fu yazarlar\u0131na aittir.<\/li>\n<\/ul>\n<hr \/>\n<p>&nbsp;<\/p>\n","protected":false},"excerpt":{"rendered":"<p>Dergiye yay\u0131mlanmak \u00fczere g\u00f6nderilen makaleler ba\u015fka bir yerde yay\u0131mlanmam\u0131\u015f ya da yay\u0131mlanmak \u00fczere ba\u015fka bir yere g\u00f6nderilmemi\u015f olmal\u0131d\u0131r. Buna dair \u201cTelif Hakk\u0131 Bildirimi\u201d yazarlar taraf\u0131ndan imzalan\u0131p tarat\u0131larak makale ile birlikte dergiye g\u00f6nderilmelidir. Makaleler akademik-bilimsel etik kurallar\u0131na uygun \u015fekilde haz\u0131rlanmal\u0131d\u0131r. Ba\u015fvurusu kabul edilen makaleler intihal program\u0131ndan ge\u00e7irilmektedir. Dergiye g\u00f6nderilen makaleler \u201ck\u00f6r hakem\u201d y\u00f6ntemiyle de\u011ferlendirilmektedir. Makaleler, Yay\u0131n [&hellip;]<\/p>\n","protected":false},"author":1,"featured_media":0,"parent":0,"menu_order":0,"comment_status":"closed","ping_status":"closed","template":"","meta":{"footnotes":""},"class_list":["post-29","page","type-page","status-publish","hentry"],"_links":{"self":[{"href":"https:\/\/trabzondergisi.org\/index.php?rest_route=\/wp\/v2\/pages\/29","targetHints":{"allow":["GET"]}}],"collection":[{"href":"https:\/\/trabzondergisi.org\/index.php?rest_route=\/wp\/v2\/pages"}],"about":[{"href":"https:\/\/trabzondergisi.org\/index.php?rest_route=\/wp\/v2\/types\/page"}],"author":[{"embeddable":true,"href":"https:\/\/trabzondergisi.org\/index.php?rest_route=\/wp\/v2\/users\/1"}],"replies":[{"embeddable":true,"href":"https:\/\/trabzondergisi.org\/index.php?rest_route=%2Fwp%2Fv2%2Fcomments&post=29"}],"version-history":[{"count":5,"href":"https:\/\/trabzondergisi.org\/index.php?rest_route=\/wp\/v2\/pages\/29\/revisions"}],"predecessor-version":[{"id":248,"href":"https:\/\/trabzondergisi.org\/index.php?rest_route=\/wp\/v2\/pages\/29\/revisions\/248"}],"wp:attachment":[{"href":"https:\/\/trabzondergisi.org\/index.php?rest_route=%2Fwp%2Fv2%2Fmedia&parent=29"}],"curies":[{"name":"wp","href":"https:\/\/api.w.org\/{rel}","templated":true}]}}