{"id":265,"date":"2024-12-25T07:00:06","date_gmt":"2024-12-25T07:00:06","guid":{"rendered":"https:\/\/trabzondergisi.org\/?page_id=265"},"modified":"2024-12-25T07:13:36","modified_gmt":"2024-12-25T07:13:36","slug":"cilt-3-sayi-1","status":"publish","type":"page","link":"https:\/\/trabzondergisi.org\/?page_id=265","title":{"rendered":"Cilt 3 Say\u0131 1"},"content":{"rendered":"<div class=\"_3d-flip-book  fb3d-fullscreen-mode full-size\" data-id=\"258\" data-mode=\"fullscreen\" data-title=\"false\" data-template=\"short-white-book-view\" data-lightbox=\"dark-shadow\" data-urlparam=\"fb3d-page\" data-page-n=\"0\" data-pdf=\"\" data-tax=\"null\" data-thumbnail=\"\" data-cols=\"3\" data-book-template=\"default\" data-trigger=\"\"><\/div><script type=\"text\/javascript\">window.FB3D_CLIENT_DATA = window.FB3D_CLIENT_DATA || [];FB3D_CLIENT_DATA.push('eyJwb3N0cyI6eyIyNTgiOnsiSUQiOjI1OCwidGl0bGUiOiJBcmFsXHUwMTMxayAyMDIzIHwgQ1x1MDEzMExUIDMgU0FZSSAxIHwgRGVjZW1iZXIgMjAyMyB8IFZPTC4gMyBOTy4gMSIsInR5cGUiOiJwZGYiLCJyZWFkeV9mdW5jdGlvbiI6IiIsImJvb2tfc3R5bGUiOiJmbGF0IiwiYm9va190ZW1wbGF0ZSI6Im5vbmUiLCJvdXRsaW5lIjpbXSwiZGF0YSI6eyJwb3N0X0lEIjoiMjU3IiwiZ3VpZCI6Imh0dHA6XC9cL3RyYWJ6b25kZXJnaXNpLm9yZ1wvd3AtY29udGVudFwvdXBsb2Fkc1wvMjAyNFwvMTFcL1RDRC1Wb2wtMy1Oby0xLnBkZiIsInBkZl9wYWdlcyI6IjY2IiwicGFnZXNfY3VzdG9taXphdGlvbiI6Im5vbmUifSwidGh1bWJuYWlsIjp7ImRhdGEiOnsicG9zdF9JRCI6IjAifSwidHlwZSI6ImF1dG8ifSwicHJvcHMiOnsiYmFja2dyb3VuZENvbG9yIjoiYXV0byIsImJhY2tncm91bmRJbWFnZSI6ImF1dG8iLCJiYWNrZ3JvdW5kU3R5bGUiOiJhdXRvIiwiaGlnaGxpZ2h0TGlua3MiOiJhdXRvIiwibGlnaHRpbmciOiJhdXRvIiwic2luZ2xlUGFnZU1vZGUiOiJhdXRvIiwiY2FjaGVkUGFnZXMiOiJhdXRvIiwicmVuZGVySW5hY3RpdmVQYWdlcyI6ImF1dG8iLCJyZW5kZXJJbmFjdGl2ZVBhZ2VzT25Nb2JpbGUiOiJhdXRvIiwicmVuZGVyV2hpbGVGbGlwcGluZyI6ImF1dG8iLCJwcmVsb2FkUGFnZXMiOiJhdXRvIiwiYXV0b1BsYXlEdXJhdGlvbiI6ImF1dG8iLCJydGwiOiJhdXRvIiwiaW50ZXJhY3RpdmVDb3JuZXJzIjoiYXV0byIsIm1heERlcHRoIjoiYXV0byIsInNoZWV0Ijp7InN0YXJ0VmVsb2NpdHkiOiJhdXRvIiwid2F2ZSI6ImF1dG8iLCJzaGFwZSI6ImF1dG8iLCJ3aWR0aFRleGVscyI6ImF1dG8iLCJjb2xvciI6ImF1dG8iLCJzaWRlIjoiYXV0byIsInN0cmV0Y2hJbWFnZXMiOiJhdXRvIiwiY29ybmVyRGV2aWF0aW9uIjoiYXV0byIsImZsZXhpYmlsaXR5IjoiYXV0byIsImZsZXhpYmxlQ29ybmVyIjoiYXV0byIsImJlbmRpbmciOiJhdXRvIiwiaGVpZ2h0VGV4ZWxzIjoiYXV0byJ9LCJjb3ZlciI6eyJ3YXZlIjoiYXV0byIsImNvbG9yIjoiYXV0byIsInNpZGUiOiJhdXRvIiwic3RyZXRjaEltYWdlcyI6ImF1dG8iLCJiaW5kZXJUZXh0dXJlIjoiYXV0byIsImRlcHRoIjoiYXV0byIsInBhZGRpbmciOiJhdXRvIiwic3RhcnRWZWxvY2l0eSI6ImF1dG8iLCJmbGV4aWJpbGl0eSI6ImF1dG8iLCJmbGV4aWJsZUNvcm5lciI6ImF1dG8iLCJiZW5kaW5nIjoiYXV0byIsIndpZHRoVGV4ZWxzIjoiYXV0byIsImhlaWdodFRleGVscyI6ImF1dG8iLCJtYXNzIjoiYXV0byIsInNoYXBlIjoiYXV0byJ9LCJwYWdlIjp7IndhdmUiOiJhdXRvIiwiY29sb3IiOiJhdXRvIiwic2lkZSI6ImF1dG8iLCJzdHJldGNoSW1hZ2VzIjoiYXV0byIsImRlcHRoIjoiYXV0byIsInN0YXJ0VmVsb2NpdHkiOiJhdXRvIiwiZmxleGliaWxpdHkiOiJhdXRvIiwiZmxleGlibGVDb3JuZXIiOiJhdXRvIiwiYmVuZGluZyI6ImF1dG8iLCJ3aWR0aFRleGVscyI6ImF1dG8iLCJoZWlnaHRUZXhlbHMiOiJhdXRvIiwibWFzcyI6ImF1dG8iLCJzaGFwZSI6ImF1dG8ifSwiaGVpZ2h0IjoiYXV0byIsIndpZHRoIjoiYXV0byIsImdyYXZpdHkiOiJhdXRvIiwicGFnZXNGb3JQcmVkaWN0aW5nIjoiYXV0byJ9LCJjb250cm9sUHJvcHMiOnsiYWN0aW9ucyI6eyJjbWRUb2MiOnsiZW5hYmxlZCI6ImF1dG8iLCJlbmFibGVkSW5OYXJyb3ciOiJhdXRvIiwiYWN0aXZlIjoiYXV0byIsImRlZmF1bHRUYWIiOiJhdXRvIn0sImNtZEF1dG9QbGF5Ijp7ImVuYWJsZWQiOiJhdXRvIiwiZW5hYmxlZEluTmFycm93IjoiYXV0byIsImFjdGl2ZSI6ImF1dG8ifSwiY21kU2F2ZSI6eyJlbmFibGVkIjoiYXV0byIsImVuYWJsZWRJbk5hcnJvdyI6ImF1dG8ifSwiY21kUHJpbnQiOnsiZW5hYmxlZCI6ImF1dG8iLCJlbmFibGVkSW5OYXJyb3ciOiJhdXRvIn0sImNtZFNpbmdsZVBhZ2UiOnsiZW5hYmxlZCI6ImF1dG8iLCJlbmFibGVkSW5OYXJyb3ciOiJhdXRvIiwiYWN0aXZlIjoiYXV0byIsImFjdGl2ZUZvck1vYmlsZSI6ImF1dG8ifSwid2lkVG9vbGJhciI6eyJlbmFibGVkIjoiYXV0byIsImVuYWJsZWRJbk5hcnJvdyI6ImF1dG8ifX19LCJhdXRvVGh1bWJuYWlsIjoiaHR0cDpcL1wvdHJhYnpvbmRlcmdpc2kub3JnXC93cC1jb250ZW50XC91cGxvYWRzXC8zZC1mbGlwLWJvb2tcL2F1dG8tdGh1bWJuYWlsc1wvMjU4LnBuZyIsInBvc3RfbmFtZSI6ImFyYWxpay0yMDIzLWNpbHQtMy1zYXlpLTEtZGVjZW1iZXItMjAyMy12b2wtMy1uby0xIiwicG9zdF90eXBlIjoiM2QtZmxpcC1ib29rIn19LCJwYWdlcyI6W10sImZpcnN0UGFnZXMiOltdfQ==');window.FB3D_CLIENT_LOCALE && FB3D_CLIENT_LOCALE.render && FB3D_CLIENT_LOCALE.render();<\/script>\n<hr \/>\n<h4 style=\"text-align: center;\"><a href=\"http:\/\/trabzondergisi.org\/wp-content\/uploads\/2024\/11\/TCD-Vol-3-No-1.pdf\" target=\"_blank\" rel=\"noopener\"><strong>TRABZON \u00c7ALI\u015eMALARI DERG\u0130S\u0130 | <\/strong><em>JOURNAL of TRABZON STUDIES<\/em><\/a><\/h4>\n<p style=\"text-align: center;\">Aral\u0131k 2023 | C\u0130LT 3 SAYI 1 | December 2023 | VOL. 3 NO. 1<\/p>\n<table width=\"100%\">\n<tbody>\n<tr>\n<td width=\"7%\"><strong>6-28<\/strong><\/td>\n<td width=\"22%\"><strong>Ara\u015ft\u0131rma Makalesi<\/strong><\/td>\n<td width=\"70%\"><a href=\"http:\/\/trabzondergisi.org\/wp-content\/uploads\/2024\/11\/TCD-Vol-3-No-1-A1.pdf\" target=\"_blank\" rel=\"noopener\"><strong>\u00c7amba\u015f\u0131 Mutfak K\u00fclt\u00fcr\u00fcnde Kullan\u0131lan Ara\u00e7 Ve Gere\u00e7ler Ve G\u0131da Saklama Y\u00f6ntemleri \u00dczerine \u0130\u015flevsel A\u00e7\u0131dan Bir \u0130nceleme<\/strong><\/a><br \/>\n<em>A Functional Study on The Tools and Food Preservation Methods Used in \u00c7amba\u015f\u0131 Kitchen Culture<\/em><\/p>\n<p><em><strong>Yusuf Ziya S\u00fcmb\u00fcll\u00fc &amp; Emel Yaman<\/strong><\/em><\/td>\n<\/tr>\n<tr>\n<td width=\"7%\"><strong>29-47<\/strong><\/td>\n<td width=\"22%\"><strong>Ara\u015ft\u0131rma Makalesi<\/strong><\/td>\n<td width=\"70%\"><a href=\"http:\/\/trabzondergisi.org\/wp-content\/uploads\/2024\/11\/TCD-Vol-3-No-1-A2.pdf\" target=\"_blank\" rel=\"noopener\"><strong>Trabzon Belediyesi\u2019nin Kurulu\u015fu ve Tarihi ile Cumhuriyet D\u00f6nemindeki Trabzon Belediye Se\u00e7imleri ve Belediye Ba\u015fkanlar\u0131<\/strong><\/a><br \/>\n<em>The Establishment and History of Trabzon Municipality and Trabzon Municipal Elections and Mayors in the Republican Period<\/em><\/p>\n<p><em><strong>Hakan \u015eener<\/strong><\/em><\/td>\n<\/tr>\n<tr>\n<td width=\"7%\"><strong>48-50<\/strong><\/td>\n<td width=\"22%\"><strong>Kitap \u0130ncelemesi<\/strong><\/td>\n<td width=\"70%\"><a href=\"http:\/\/trabzondergisi.org\/wp-content\/uploads\/2024\/11\/TCD-Vol-3-No-1-BR.pdf\" target=\"_blank\" rel=\"noopener\"><strong>Yass\u0131ada\u2019da Trabzon Temsilciler<\/strong><\/a><\/p>\n<p><em><strong>Muhammed L\u00fctf\u00fc Osmano\u011flu<\/strong><\/em><\/td>\n<\/tr>\n<tr>\n<td width=\"7%\"><strong>51-64<\/strong><\/td>\n<td width=\"22%\"><strong>Bibliyografya<\/strong><\/td>\n<td width=\"70%\"><strong><a href=\"http:\/\/trabzondergisi.org\/wp-content\/uploads\/2024\/11\/TCD-Vol-3-No-1-Bibliography.pdf\" target=\"_blank\" rel=\"noopener\">2023 y\u0131l\u0131nda Trabzon \u00dczerine Yaz\u0131lm\u0131\u015f Kitap ve Makaleler<\/a> <\/strong><\/td>\n<\/tr>\n<\/tbody>\n<\/table>\n","protected":false},"excerpt":{"rendered":"<p>TRABZON \u00c7ALI\u015eMALARI DERG\u0130S\u0130 | JOURNAL of TRABZON STUDIES Aral\u0131k 2023 | C\u0130LT 3 SAYI 1 | December 2023 | VOL. 3 NO. 1 6-28 Ara\u015ft\u0131rma Makalesi \u00c7amba\u015f\u0131 Mutfak K\u00fclt\u00fcr\u00fcnde Kullan\u0131lan Ara\u00e7 Ve Gere\u00e7ler Ve G\u0131da Saklama Y\u00f6ntemleri \u00dczerine \u0130\u015flevsel A\u00e7\u0131dan Bir \u0130nceleme A Functional Study on The Tools and Food Preservation Methods Used in \u00c7amba\u015f\u0131 [&hellip;]<\/p>\n","protected":false},"author":1,"featured_media":0,"parent":0,"menu_order":0,"comment_status":"closed","ping_status":"closed","template":"","meta":{"footnotes":""},"class_list":["post-265","page","type-page","status-publish","hentry"],"_links":{"self":[{"href":"https:\/\/trabzondergisi.org\/index.php?rest_route=\/wp\/v2\/pages\/265","targetHints":{"allow":["GET"]}}],"collection":[{"href":"https:\/\/trabzondergisi.org\/index.php?rest_route=\/wp\/v2\/pages"}],"about":[{"href":"https:\/\/trabzondergisi.org\/index.php?rest_route=\/wp\/v2\/types\/page"}],"author":[{"embeddable":true,"href":"https:\/\/trabzondergisi.org\/index.php?rest_route=\/wp\/v2\/users\/1"}],"replies":[{"embeddable":true,"href":"https:\/\/trabzondergisi.org\/index.php?rest_route=%2Fwp%2Fv2%2Fcomments&post=265"}],"version-history":[{"count":2,"href":"https:\/\/trabzondergisi.org\/index.php?rest_route=\/wp\/v2\/pages\/265\/revisions"}],"predecessor-version":[{"id":278,"href":"https:\/\/trabzondergisi.org\/index.php?rest_route=\/wp\/v2\/pages\/265\/revisions\/278"}],"wp:attachment":[{"href":"https:\/\/trabzondergisi.org\/index.php?rest_route=%2Fwp%2Fv2%2Fmedia&parent=265"}],"curies":[{"name":"wp","href":"https:\/\/api.w.org\/{rel}","templated":true}]}}