{"id":218,"date":"2022-12-28T11:05:48","date_gmt":"2022-12-28T11:05:48","guid":{"rendered":"https:\/\/trabzondergisi.org\/?page_id=218"},"modified":"2022-12-28T11:05:48","modified_gmt":"2022-12-28T11:05:48","slug":"cilt-1-sayi-1","status":"publish","type":"page","link":"https:\/\/trabzondergisi.org\/?page_id=218","title":{"rendered":"Cilt 1 Say\u0131 1"},"content":{"rendered":"<div class=\"_3d-flip-book  fb3d-fullscreen-mode full-size\" data-id=\"0\" data-mode=\"fullscreen\" data-title=\"false\" data-template=\"short-white-book-view\" data-lightbox=\"dark-shadow\" data-urlparam=\"fb3d-page\" data-page-n=\"0\" data-pdf=\"http:\/\/trabzondergisi.org\/wp-content\/uploads\/2021\/12\/TCD-Vol-1-No-1.pdf\" data-tax=\"null\" data-thumbnail=\"\" data-cols=\"3\" data-book-template=\"default\" data-trigger=\"\" style=\"background-color:#95321D;\"><\/div>\n<hr \/>\n<h4 style=\"text-align: center;\"><a href=\"http:\/\/trabzondergisi.org\/wp-content\/uploads\/2021\/12\/TCD-Vol-1-No-1.pdf\" target=\"_blank\" rel=\"noopener\"><strong>TRABZON \u00c7ALI\u015eMALARI DERG\u0130S\u0130 | <\/strong><em>JOURNAL of TRABZON STUDIES<\/em><\/a><\/h4>\n<p style=\"text-align: center;\">Aral\u0131k 2021 | C\u0130LT 1 SAYI 1 | December 2021 | VOL. 1 NO. 1<\/p>\n<table width=\"100%\">\n<tbody>\n<tr>\n<td width=\"7%\"><strong>6<\/strong><\/td>\n<td width=\"22%\"><strong>Ara\u015ft\u0131rma Makalesi<\/strong><\/td>\n<td width=\"70%\"><a href=\"http:\/\/trabzondergisi.org\/wp-content\/uploads\/2021\/12\/TCD-Vol-1-No-1-A1.pdf\" target=\"_blank\" rel=\"noopener\"><strong>Trabzon Siyasal Ya\u015fam\u0131nda Bir Farkl\u0131l\u0131k Noktas\u0131 Olarak Be\u015fikd\u00fcz\u00fc<\/strong><\/a><\/p>\n<p><em>Be\u015fikd\u00fcz\u00fc as a Point of Difference in Trabzon\u2019s Political Life<\/em><\/p>\n<p><strong><em>Kubilay D\u00fczenli<\/em><\/strong><\/td>\n<\/tr>\n<tr>\n<td width=\"7%\"><strong>24<\/strong><\/td>\n<td width=\"22%\"><strong>Ara\u015ft\u0131rma Makalesi<\/strong><\/td>\n<td width=\"70%\"><a href=\"http:\/\/trabzondergisi.org\/wp-content\/uploads\/2021\/12\/TCD-Vol-1-No-1-A2.pdf\" target=\"_blank\" rel=\"noopener\"><strong>Trabzon\u2019da Serender Yap\u0131lar\u0131n\u0131n \u0130ncelenmesi ve Yeniden \u0130\u015flevlendirme \u00d6nerileri<\/strong><\/a><\/p>\n<p><em>Review of Serender Structures in Trabzon and Reconstruction Recommendations<\/em><\/p>\n<p><strong><em>Z\u00fcbeyde Ye\u015filyurt Tun\u00e7 &amp; Candan Ilg\u0131n \u00d6z\u00fclke<\/em><\/strong><\/td>\n<\/tr>\n<tr>\n<td width=\"7%\"><strong>61<\/strong><\/td>\n<td width=\"22%\"><strong>Biyografi<\/strong><\/td>\n<td width=\"70%\"><a href=\"http:\/\/trabzondergisi.org\/wp-content\/uploads\/2021\/12\/TCD-Vol-1-No-1-B1.pdf\" target=\"_blank\" rel=\"noopener\"><strong>Bekir Refik Koraltan&#8217;\u0131n Siyasi Hayat\u0131\u00a0 (1889-1974)<\/strong><\/a><\/p>\n<p><em>Political Life of Bekir Refik Koraltan (1889-1974)<\/em><\/p>\n<p><strong><em>\u0130nci G\u00fcler &amp; Esra Sar\u0131koyuncu De\u011ferli<\/em><\/strong><\/td>\n<\/tr>\n<tr>\n<td width=\"7%\"><strong>75<\/strong><\/td>\n<td width=\"22%\"><strong>Bibliyografya<\/strong><\/td>\n<td width=\"70%\"><strong><a href=\"http:\/\/trabzondergisi.org\/wp-content\/uploads\/2021\/12\/TCD-Vol-1-No-1-Bibliyografya1.pdf\" target=\"_blank\" rel=\"noopener\">2020-2021 y\u0131llar\u0131nda Trabzon \u00dczerine Yaz\u0131lm\u0131\u015f Kitap ve Makaleler<\/a> <\/strong><\/td>\n<\/tr>\n<\/tbody>\n<\/table>\n","protected":false},"excerpt":{"rendered":"<p>TRABZON \u00c7ALI\u015eMALARI DERG\u0130S\u0130 | JOURNAL of TRABZON STUDIES Aral\u0131k 2021 | C\u0130LT 1 SAYI 1 | December 2021 | VOL. 1 NO. 1 6 Ara\u015ft\u0131rma Makalesi Trabzon Siyasal Ya\u015fam\u0131nda Bir Farkl\u0131l\u0131k Noktas\u0131 Olarak Be\u015fikd\u00fcz\u00fc Be\u015fikd\u00fcz\u00fc as a Point of Difference in Trabzon\u2019s Political Life Kubilay D\u00fczenli 24 Ara\u015ft\u0131rma Makalesi Trabzon\u2019da Serender Yap\u0131lar\u0131n\u0131n \u0130ncelenmesi ve Yeniden [&hellip;]<\/p>\n","protected":false},"author":1,"featured_media":0,"parent":0,"menu_order":0,"comment_status":"closed","ping_status":"closed","template":"","meta":{"footnotes":""},"class_list":["post-218","page","type-page","status-publish","hentry"],"_links":{"self":[{"href":"https:\/\/trabzondergisi.org\/index.php?rest_route=\/wp\/v2\/pages\/218","targetHints":{"allow":["GET"]}}],"collection":[{"href":"https:\/\/trabzondergisi.org\/index.php?rest_route=\/wp\/v2\/pages"}],"about":[{"href":"https:\/\/trabzondergisi.org\/index.php?rest_route=\/wp\/v2\/types\/page"}],"author":[{"embeddable":true,"href":"https:\/\/trabzondergisi.org\/index.php?rest_route=\/wp\/v2\/users\/1"}],"replies":[{"embeddable":true,"href":"https:\/\/trabzondergisi.org\/index.php?rest_route=%2Fwp%2Fv2%2Fcomments&post=218"}],"version-history":[{"count":1,"href":"https:\/\/trabzondergisi.org\/index.php?rest_route=\/wp\/v2\/pages\/218\/revisions"}],"predecessor-version":[{"id":219,"href":"https:\/\/trabzondergisi.org\/index.php?rest_route=\/wp\/v2\/pages\/218\/revisions\/219"}],"wp:attachment":[{"href":"https:\/\/trabzondergisi.org\/index.php?rest_route=%2Fwp%2Fv2%2Fmedia&parent=218"}],"curies":[{"name":"wp","href":"https:\/\/api.w.org\/{rel}","templated":true}]}}