{"id":2,"date":"2016-05-10T03:48:21","date_gmt":"2016-05-10T03:48:21","guid":{"rendered":"http:\/\/trabzondergisi.org\/?page_id=2"},"modified":"2024-11-05T18:34:11","modified_gmt":"2024-11-05T18:34:11","slug":"sample-page","status":"publish","type":"page","link":"https:\/\/trabzondergisi.org\/?page_id=2","title":{"rendered":"Hakk\u0131m\u0131zda"},"content":{"rendered":"<hr \/>\n<p style=\"text-align: justify;\">2021 y\u0131l\u0131 itibariyle yay\u0131n hayat\u0131na ba\u015flayan <span style=\"color: #ff0000;\"><strong><em>Trabzon \u00c7al\u0131\u015fmalar\u0131 Dergisi<\/em><\/strong><\/span>, sosyal, be\u015feri, idari bilimler, \u015fehir b\u00f6lge planlama, peyzaj ve mimarl\u0131k alanlar\u0131nda \u00e7al\u0131\u015fmalara yer verilen hakemli akademik bir yay\u0131nd\u0131r. Dergide kuramsal ve analitik \u00f6zg\u00fcn \u00e7al\u0131\u015fmalar\u0131n yan\u0131 s\u0131ra, kitap incelemeleri de yay\u0131mlanacakt\u0131r.<\/p>\n<p style=\"text-align: justify;\"><span style=\"color: #ff0000;\"><strong><em>Trabzon \u00c7al\u0131\u015fmalar\u0131 Dergisi<\/em><\/strong><\/span>, yay\u0131mlad\u0131\u011f\u0131 \u00e7al\u0131\u015fmalar ile ilgili alanlarda akademik bak\u0131\u015f a\u00e7\u0131s\u0131n\u0131n geli\u015ftirilmesini ama\u00e7lamaktad\u0131r.<\/p>\n<hr \/>\n<p style=\"text-align: justify;\">\n","protected":false},"excerpt":{"rendered":"<p>2021 y\u0131l\u0131 itibariyle yay\u0131n hayat\u0131na ba\u015flayan Trabzon \u00c7al\u0131\u015fmalar\u0131 Dergisi, sosyal, be\u015feri, idari bilimler, \u015fehir b\u00f6lge planlama, peyzaj ve mimarl\u0131k alanlar\u0131nda \u00e7al\u0131\u015fmalara yer verilen hakemli akademik bir yay\u0131nd\u0131r. Dergide kuramsal ve analitik \u00f6zg\u00fcn \u00e7al\u0131\u015fmalar\u0131n yan\u0131 s\u0131ra, kitap incelemeleri de yay\u0131mlanacakt\u0131r. Trabzon \u00c7al\u0131\u015fmalar\u0131 Dergisi, yay\u0131mlad\u0131\u011f\u0131 \u00e7al\u0131\u015fmalar ile ilgili alanlarda akademik bak\u0131\u015f a\u00e7\u0131s\u0131n\u0131n geli\u015ftirilmesini ama\u00e7lamaktad\u0131r.<\/p>\n","protected":false},"author":1,"featured_media":0,"parent":0,"menu_order":0,"comment_status":"closed","ping_status":"closed","template":"","meta":{"footnotes":""},"class_list":["post-2","page","type-page","status-publish","hentry"],"_links":{"self":[{"href":"https:\/\/trabzondergisi.org\/index.php?rest_route=\/wp\/v2\/pages\/2","targetHints":{"allow":["GET"]}}],"collection":[{"href":"https:\/\/trabzondergisi.org\/index.php?rest_route=\/wp\/v2\/pages"}],"about":[{"href":"https:\/\/trabzondergisi.org\/index.php?rest_route=\/wp\/v2\/types\/page"}],"author":[{"embeddable":true,"href":"https:\/\/trabzondergisi.org\/index.php?rest_route=\/wp\/v2\/users\/1"}],"replies":[{"embeddable":true,"href":"https:\/\/trabzondergisi.org\/index.php?rest_route=%2Fwp%2Fv2%2Fcomments&post=2"}],"version-history":[{"count":8,"href":"https:\/\/trabzondergisi.org\/index.php?rest_route=\/wp\/v2\/pages\/2\/revisions"}],"predecessor-version":[{"id":245,"href":"https:\/\/trabzondergisi.org\/index.php?rest_route=\/wp\/v2\/pages\/2\/revisions\/245"}],"wp:attachment":[{"href":"https:\/\/trabzondergisi.org\/index.php?rest_route=%2Fwp%2Fv2%2Fmedia&parent=2"}],"curies":[{"name":"wp","href":"https:\/\/api.w.org\/{rel}","templated":true}]}}