{"id":16,"date":"2021-01-30T19:19:55","date_gmt":"2021-01-30T19:19:55","guid":{"rendered":"http:\/\/trabzondergisi.org\/?page_id=16"},"modified":"2025-12-02T12:34:25","modified_gmt":"2025-12-02T12:34:25","slug":"kunye","status":"publish","type":"page","link":"https:\/\/trabzondergisi.org\/?page_id=16","title":{"rendered":"K\u00fcnye"},"content":{"rendered":"<hr \/>\n<p><strong>Edit\u00f6rler<\/strong><\/p>\n<p>Muharrem BAYRAK, <em>Karadeniz Teknik \u00dcniversitesi, T\u00fcrkiye<\/em><\/p>\n<p>Do\u00e7. Dr. Suna ERSAVA\u015e KAVANOZ, <em>Karadeniz Teknik \u00dcniversitesi, T\u00fcrkiye<\/em><\/p>\n<p>Do\u00e7. Dr. \u00d6zg\u00fcr T\u00dcFEK\u00c7\u0130,\u00a0<em>Karadeniz Teknik \u00dcniversitesi, T\u00fcrkiye<\/em><\/p>\n<p>Do\u00e7. Dr. Abdullah UZUN, <em>Karadeniz Teknik \u00dcniversitesi, T\u00fcrkiye<\/em><\/p>\n<hr \/>\n<p><strong>Uluslararas\u0131 Dan\u0131\u015fma Kurulu\u00a0<\/strong><\/p>\n<p>Do\u00e7. Dr. Cenk BEYAZ, <em>\u0130stanbul Medeniyet \u00dcniversitesi, T\u00fcrkiye<\/em><\/p>\n<p>Prof. Dr. Mevhibe CO\u015eAR, <em>Karadeniz Teknik \u00dcniversitesi, T\u00fcrkiye<\/em><\/p>\n<p>Do\u00e7. Dr. Vahit G\u00dcNTAY, <em>Karadeniz Teknik \u00dcniversitesi, T\u00fcrkiye<\/em><\/p>\n<p>Prof. Dr. B\u00fcnyamin ER, <em>Karadeniz Teknik \u00dcniversitesi, T\u00fcrkiye<\/em><\/p>\n<p>Prof. Dr. Ru\u015fen KELE\u015e<\/p>\n<p>Prof. Dr. \u0130smail K\u00d6SE, <em>Karadeniz Teknik \u00dcniversitesi, T\u00fcrkiye<\/em><\/p>\n<p>Prof. Dr. Hikmet \u00d6KS\u00dcZ, <em>Karadeniz Teknik \u00dcniversitesi, T\u00fcrkiye<\/em><\/p>\n<p>Prof. Dr. U\u011fur \u00dc\u00c7\u00dcNC\u00dc, <em>Karadeniz Teknik \u00dcniversitesi, T\u00fcrkiye<\/em><\/p>\n<p>Do\u00e7. Dr. Umut \u00dcZAR, <em>Karadeniz Teknik \u00dcniversitesi, T\u00fcrkiye<\/em><\/p>\n<p>Dr. \u00d6\u011fr.\u00a0\u00dcyesi H\u00fcseyin YAD\u0130GARO\u011eLU, <em>Karadeniz Teknik \u00dcniversitesi, T\u00fcrkiye<\/em><\/p>\n<hr \/>\n<p>&nbsp;<\/p>\n","protected":false},"excerpt":{"rendered":"<p>Edit\u00f6rler Muharrem BAYRAK, Karadeniz Teknik \u00dcniversitesi, T\u00fcrkiye Do\u00e7. Dr. Suna ERSAVA\u015e KAVANOZ, Karadeniz Teknik \u00dcniversitesi, T\u00fcrkiye Do\u00e7. Dr. \u00d6zg\u00fcr T\u00dcFEK\u00c7\u0130,\u00a0Karadeniz Teknik \u00dcniversitesi, T\u00fcrkiye Do\u00e7. Dr. Abdullah UZUN, Karadeniz Teknik \u00dcniversitesi, T\u00fcrkiye Uluslararas\u0131 Dan\u0131\u015fma Kurulu\u00a0 Do\u00e7. Dr. Cenk BEYAZ, \u0130stanbul Medeniyet \u00dcniversitesi, T\u00fcrkiye Prof. Dr. Mevhibe CO\u015eAR, Karadeniz Teknik \u00dcniversitesi, T\u00fcrkiye Do\u00e7. Dr. Vahit G\u00dcNTAY, Karadeniz [&hellip;]<\/p>\n","protected":false},"author":1,"featured_media":0,"parent":0,"menu_order":0,"comment_status":"closed","ping_status":"closed","template":"","meta":{"footnotes":""},"class_list":["post-16","page","type-page","status-publish","hentry"],"_links":{"self":[{"href":"https:\/\/trabzondergisi.org\/index.php?rest_route=\/wp\/v2\/pages\/16","targetHints":{"allow":["GET"]}}],"collection":[{"href":"https:\/\/trabzondergisi.org\/index.php?rest_route=\/wp\/v2\/pages"}],"about":[{"href":"https:\/\/trabzondergisi.org\/index.php?rest_route=\/wp\/v2\/types\/page"}],"author":[{"embeddable":true,"href":"https:\/\/trabzondergisi.org\/index.php?rest_route=\/wp\/v2\/users\/1"}],"replies":[{"embeddable":true,"href":"https:\/\/trabzondergisi.org\/index.php?rest_route=%2Fwp%2Fv2%2Fcomments&post=16"}],"version-history":[{"count":12,"href":"https:\/\/trabzondergisi.org\/index.php?rest_route=\/wp\/v2\/pages\/16\/revisions"}],"predecessor-version":[{"id":292,"href":"https:\/\/trabzondergisi.org\/index.php?rest_route=\/wp\/v2\/pages\/16\/revisions\/292"}],"wp:attachment":[{"href":"https:\/\/trabzondergisi.org\/index.php?rest_route=%2Fwp%2Fv2%2Fmedia&parent=16"}],"curies":[{"name":"wp","href":"https:\/\/api.w.org\/{rel}","templated":true}]}}